{"id":1129,"date":"2020-05-28T11:28:03","date_gmt":"2020-05-28T09:28:03","guid":{"rendered":"https:\/\/wirtschaftspost-online.de\/?page_id=1129"},"modified":"2021-07-13T20:29:15","modified_gmt":"2021-07-13T18:29:15","slug":"im-interview-marius-sowislo","status":"publish","type":"page","link":"https:\/\/wirtschaftspost-online.de\/?page_id=1129","title":{"rendered":"Im Interview: Marius Sowislo"},"content":{"rendered":"\n<div class=\"wp-block-image\"><figure class=\"alignright size-large is-resized\"><img loading=\"lazy\" decoding=\"async\" src=\"https:\/\/wirtschaftspost-online.de\/wp-content\/uploads\/2020\/05\/marius-sowislo-mai-2020-portrait.jpg\" alt=\"\" class=\"wp-image-1131\" width=\"217\" height=\"239\" srcset=\"https:\/\/wirtschaftspost-online.de\/wp-content\/uploads\/2020\/05\/marius-sowislo-mai-2020-portrait.jpg 283w, https:\/\/wirtschaftspost-online.de\/wp-content\/uploads\/2020\/05\/marius-sowislo-mai-2020-portrait-273x300.jpg 273w\" sizes=\"auto, (max-width: 217px) 100vw, 217px\" \/><\/figure><\/div>\n\n\n\n<p style=\"background-color:#265c15;color:#e9f0f3\" class=\"has-text-color has-background\"><strong>Marius Sowislo, Aufstiegskapit\u00e4n des 1. FCM 2015 und 2018 sowie Firmengr\u00fcnder von SAMFORCITY im Gespr\u00e4ch mit Freimut Hengst, Herausgeber der WIRTSCHAFTSPOST, am 26. Mai 2020<\/strong><\/p>\n\n\n\n<figure class=\"wp-block-image size-large is-resized\"><img loading=\"lazy\" decoding=\"async\" src=\"https:\/\/wirtschaftspost-online.de\/wp-content\/uploads\/2020\/05\/c91153_71145f8289174a3a865802528e265e34mv2_d_11574_1752_s_2-1024x155.png\" alt=\"\" class=\"wp-image-1130\" width=\"386\" height=\"57\" srcset=\"https:\/\/wirtschaftspost-online.de\/wp-content\/uploads\/2020\/05\/c91153_71145f8289174a3a865802528e265e34mv2_d_11574_1752_s_2-1024x155.png 1024w, https:\/\/wirtschaftspost-online.de\/wp-content\/uploads\/2020\/05\/c91153_71145f8289174a3a865802528e265e34mv2_d_11574_1752_s_2-300x45.png 300w, https:\/\/wirtschaftspost-online.de\/wp-content\/uploads\/2020\/05\/c91153_71145f8289174a3a865802528e265e34mv2_d_11574_1752_s_2-768x116.png 768w, https:\/\/wirtschaftspost-online.de\/wp-content\/uploads\/2020\/05\/c91153_71145f8289174a3a865802528e265e34mv2_d_11574_1752_s_2-1536x232.png 1536w, https:\/\/wirtschaftspost-online.de\/wp-content\/uploads\/2020\/05\/c91153_71145f8289174a3a865802528e265e34mv2_d_11574_1752_s_2-2048x310.png 2048w, https:\/\/wirtschaftspost-online.de\/wp-content\/uploads\/2020\/05\/c91153_71145f8289174a3a865802528e265e34mv2_d_11574_1752_s_2-650x98.png 650w, https:\/\/wirtschaftspost-online.de\/wp-content\/uploads\/2020\/05\/c91153_71145f8289174a3a865802528e265e34mv2_d_11574_1752_s_2-1320x200.png 1320w\" sizes=\"auto, (max-width: 386px) 100vw, 386px\" \/><figcaption>   <\/figcaption><\/figure>\n\n\n\n<p style=\"color:#265c15\" class=\"has-text-color\"><strong>Freimut Hengst: Marius, erinnerst Du Dich an unser Interview im Oktober 2018? Meine erste Frage war damals<\/strong> \u201e<strong>Wann und mit welcher Zielstellung haben Sie Ihr Unternehmen \u201eSAMFORCITY\u201c gegr\u00fcndet?<\/strong>\u201d<\/p>\n\n\n\n<p><strong>Marius Sowislo:<\/strong> Ja, nat\u00fcrlich, die Antwort gilt noch heute: \u201eSAMFORCITY wurde am 01.09.2014 inMagdeburg gegr\u00fcndet. Das Sportlernetzwerk hat sich zum Ziel gesetzt, Sport und Wirtschaft zu vernetzen, die Region Magdeburg zu st\u00e4rken sowie weiter zu f\u00f6rdern. Menschen, die nach Magdeburg kommen, um zu studieren, zu arbeiten oder wie in meinem Fall, den Sport aus\u00fcben, eine helfende Hand zu reichen, um einen leichten Einstieg in ihrer neuen Heimat zu geben.\u201c<br> <\/p>\n\n\n\n<p style=\"color:#265c15\" class=\"has-text-color\"><strong>Meine zweite Frage damals war: \u201eWas hat sich an der Ausrichtung Ihrer Gesch\u00e4ftsidee ge\u00e4ndert, seit Sie sich (leider) vom aktiven Sport verabschiedet haben? Welche Ber\u00fchrungspunkte zum Sport soll es auch in Zukunft geben? Was gibt es auf Diese Frage aus heutiger Sicht zu sagen:<\/strong><\/p>\n\n\n\n<p>An der Grundidee hat sich tats\u00e4chlich wenig ge\u00e4ndert. Das Sportlernetzwerk hilft immer noch den Leistungssportlern, den Einstieg in der Region Magdeburg zu erleichtern. <br>Im Laufe der Zeit wurde jedoch das Portfolio von SAMFORCITY erweitert. Um einige Beispiele zu nennen, sind wir als App-Reseller aktiv und konnten schon einige App-Entwicklungen f\u00fcr Unternehmen wie f\u00fcr die WOBAU Magdeburg, die Schraderhaus GmbH und die Bau-Vision GmbH (Town &amp; Country) am Markt platzieren. Weitere App-Realisierungen f\u00fcr regionale Partner sind in Planung.<br>Ein weiterer wichtiger Meilenstein in der j\u00fcngsten Firmengeschichte war, dass wir unser gro\u00dfes Netzwerk auch f\u00fcr alle interessierten B\u00fcrger und Partner der Stadt Magdeburg ge\u00f6ffnet haben. Somit hat jeder die M\u00f6glichkeit, die beliebte SAMFORCITY-FanCard zu beantragen. Aktuell k\u00f6nnen alle FanCard-Inhaber bereits bei mehr als 80 Partnern attraktive Vorteile nutzen. Mit der FanCard k\u00f6nnen sie sich t\u00e4glich f\u00fcr ein ganzes Jahr exklusive Vorteile in unserer Stadt sowie im Umland sichern.<br>Die FanCard unterst\u00fctzt insbesondere Familien, Studenten, Singles und Rentner, die beim Einkaufen oder bei der Freizeitgestaltung in Magdeburg finanziell entlastet werden. Zudem bindet die FanCard die wichtige Kaufkraft in der Stadt und st\u00e4rkt den station\u00e4ren Einzelhandel. Dadurch wird ein regionaler Zusammenhalt erzeugt, was heute an Bedeutung gewonnen hat.<br>Zweimal pro Jahr finden in Zusammenarbeit mit der Festung Mark abwechslungsreiche Events f\u00fcr Klein und Gro\u00df statt. G\u00e4ste wie Helgie Kolvidsson (Co.-Trainer der isl\u00e4ndischen Fu\u00dfball-Nationalmannschaft) und Joey Kelly (Kelly Family\/Extremsportler) hielten bereits packende Vortr\u00e4ge aus ihrem bewegten Leben. Das j\u00e4hrlich Eisstockschie\u00dfen findet in der \u201eBock auf Sport\u201c-Eventserie ihr Highlight. All diese Informationen finden sich auf unserer Homepage <a rel=\"noreferrer noopener\" href=\"http:\/\/www.samforcity.de\" target=\"_blank\">www.samforcity.de<\/a> und in der SAMFORCITY-App wieder.<\/p>\n\n\n\n<p style=\"color:#265c15\" class=\"has-text-color\"><strong>Wie sieht es eigentlich mit dem Partnervereins-Netzwerk \u201eMit Blau-Weiss vereint\u201c aus?<\/strong><\/p>\n\n\n\n<p>Auch in diesem Punkt kann auf eine positive Entwicklung zur\u00fcck geblickt werden. \u00dcber 165 Partnervereine haben sich dem Netzwerk angeschlossen und nahmen an zahlreichen Workshops und Informationsveranstaltungen teil. Durch die pers\u00f6nlichen Gespr\u00e4che mit einzelnen Vereinsvertreter wurden verschiede Vereinsprobleme analysiert, um m\u00f6gliche L\u00f6sungsans\u00e4tze in Fachvortr\u00e4gen durch Experten aufgezeigt.<br>Solche Veranstaltungen finden drei bis vier mal im Jahr f\u00fcr unsere Partnervereine in der MDCC-Arena statt. Die Teilnahme an diesem einzigartigen blau-wei\u00dfen Partnervereins-Netzwerk ist f\u00fcr alle Fu\u00dfballclubs in Sachsen-Anhalt unentgeltlich. Weitere Informationen gibt es im Internet unter der Adresse <a rel=\"noreferrer noopener\" href=\"http:\/\/www.partnerverein.fc-magdeburg.de\" target=\"_blank\">www.partnerverein.fc-magdeburg.de<\/a>.<br> <\/p>\n\n\n\n<p style=\"color:#265c15\" class=\"has-text-color\"><strong>M\u00f6chtest Du noch eine wichtige aktuelle Botschaft an die Leser unseres Magazins richten?<\/strong><\/p>\n\n\n\n<p>Gerade in der jetzigen Zeit, in der wir viele neue Erfahrungen mit den Auswirkungen der Corona-Ma\u00dfnahmen sammeln mussten und sicher auch weiterhin sammeln werden, gilt es, trotz aller wirtschaftlichen und privaten Einschnitte positiv zu bleiben und L\u00f6sungen zu finden. <br>Denn in jeder oder nach jeder Krise liegt auch eine Chance f\u00fcr die Zukunft. Unser Netzwerk wird aus dieser schwierigen Situation definitiv gest\u00e4rkt hervorgehen, weil wir mit unseren Mitgliedern und Partnern die Corona-Zeit gemeinsam durchlebt haben und sich alle mit Rat und Tat gegenseitig unterst\u00fctzt haben. Insbesondere unsere Gesch\u00e4ftspartner aus der Wirtschaft unserer Region sind seit Wochen im intensiven Austausch und helfen sich bei diversen Antragstellungen, z. B. f\u00fcr Soforthilfen und Kurzarbeitergeld.<br>Auch bei der unkomplizierten Versorgung mit Masken, Desinfektionsmitteln und Schutzscheiben profitierten die Partner von regionalen Netzwerk SAMFORCITY.<br> <\/p>\n\n\n\n<p style=\"color:#265c15\" class=\"has-text-color\"><strong>Wie ist SAMFORCITY selbst bis heute durch die Krise gekommen?<\/strong><\/p>\n\n\n\n<p>Auch wir haben durch die getroffenen Ma\u00dfnahmen wirtschaftliche Einbu\u00dfen erlebt. Aber wir sind gesund und voller Tatendrang, unsere Ziele und Visionen getreu unseres Mottos \u201eSAMFORCITY verbindet \u2013 eine Stadt h\u00e4lt zusammen!\u201c auch in Zukunft f\u00fcr unsere Stadt weiter umzusetzen.<\/p>\n\n\n\n<figure class=\"wp-block-image size-large\"><img loading=\"lazy\" decoding=\"async\" width=\"728\" height=\"1024\" src=\"https:\/\/wirtschaftspost-online.de\/wp-content\/uploads\/2020\/06\/SAMFORCITY-Fancard-Anzeige-A4-728x1024.jpg\" alt=\"\" class=\"wp-image-1260\" srcset=\"https:\/\/wirtschaftspost-online.de\/wp-content\/uploads\/2020\/06\/SAMFORCITY-Fancard-Anzeige-A4-728x1024.jpg 728w, https:\/\/wirtschaftspost-online.de\/wp-content\/uploads\/2020\/06\/SAMFORCITY-Fancard-Anzeige-A4-213x300.jpg 213w, https:\/\/wirtschaftspost-online.de\/wp-content\/uploads\/2020\/06\/SAMFORCITY-Fancard-Anzeige-A4-768x1081.jpg 768w, https:\/\/wirtschaftspost-online.de\/wp-content\/uploads\/2020\/06\/SAMFORCITY-Fancard-Anzeige-A4-1091x1536.jpg 1091w, https:\/\/wirtschaftspost-online.de\/wp-content\/uploads\/2020\/06\/SAMFORCITY-Fancard-Anzeige-A4-1455x2048.jpg 1455w, https:\/\/wirtschaftspost-online.de\/wp-content\/uploads\/2020\/06\/SAMFORCITY-Fancard-Anzeige-A4-650x915.jpg 650w, https:\/\/wirtschaftspost-online.de\/wp-content\/uploads\/2020\/06\/SAMFORCITY-Fancard-Anzeige-A4-300x422.jpg 300w, https:\/\/wirtschaftspost-online.de\/wp-content\/uploads\/2020\/06\/SAMFORCITY-Fancard-Anzeige-A4-1320x1858.jpg 1320w, https:\/\/wirtschaftspost-online.de\/wp-content\/uploads\/2020\/06\/SAMFORCITY-Fancard-Anzeige-A4-scaled.jpg 1819w\" sizes=\"auto, (max-width: 728px) 100vw, 728px\" \/><\/figure>\n","protected":false},"excerpt":{"rendered":"<p>Marius Sowislo, Aufstiegskapit\u00e4n des 1. FCM 2015 und 2018 sowie Firmengr\u00fcnder von SAMFORCITY im Gespr\u00e4ch mit Freimut Hengst, Herausgeber der WIRTSCHAFTSPOST, am 26. Mai 2020 Freimut Hengst: Marius, erinnerst Du Dich an unser Interview im Oktober 2018? Meine erste Frage <a class=\"more-link\" href=\"https:\/\/wirtschaftspost-online.de\/?page_id=1129\">[ . . . ]<\/a><\/p>\n","protected":false},"author":4,"featured_media":0,"parent":713,"menu_order":0,"comment_status":"closed","ping_status":"closed","template":"","meta":{"footnotes":""},"class_list":["post-1129","page","type-page","status-publish","hentry"],"aioseo_notices":[],"_links":{"self":[{"href":"https:\/\/wirtschaftspost-online.de\/index.php?rest_route=\/wp\/v2\/pages\/1129","targetHints":{"allow":["GET"]}}],"collection":[{"href":"https:\/\/wirtschaftspost-online.de\/index.php?rest_route=\/wp\/v2\/pages"}],"about":[{"href":"https:\/\/wirtschaftspost-online.de\/index.php?rest_route=\/wp\/v2\/types\/page"}],"author":[{"embeddable":true,"href":"https:\/\/wirtschaftspost-online.de\/index.php?rest_route=\/wp\/v2\/users\/4"}],"replies":[{"embeddable":true,"href":"https:\/\/wirtschaftspost-online.de\/index.php?rest_route=%2Fwp%2Fv2%2Fcomments&post=1129"}],"version-history":[{"count":5,"href":"https:\/\/wirtschaftspost-online.de\/index.php?rest_route=\/wp\/v2\/pages\/1129\/revisions"}],"predecessor-version":[{"id":2627,"href":"https:\/\/wirtschaftspost-online.de\/index.php?rest_route=\/wp\/v2\/pages\/1129\/revisions\/2627"}],"up":[{"embeddable":true,"href":"https:\/\/wirtschaftspost-online.de\/index.php?rest_route=\/wp\/v2\/pages\/713"}],"wp:attachment":[{"href":"https:\/\/wirtschaftspost-online.de\/index.php?rest_route=%2Fwp%2Fv2%2Fmedia&parent=1129"}],"curies":[{"name":"wp","href":"https:\/\/api.w.org\/{rel}","templated":true}]}}