{"id":14,"date":"2020-02-19T19:40:55","date_gmt":"2020-02-19T18:40:55","guid":{"rendered":"http:\/\/wirtschaftspost-online.de\/wipo\/?page_id=14"},"modified":"2024-08-20T17:33:50","modified_gmt":"2024-08-20T15:33:50","slug":"impressum","status":"publish","type":"page","link":"https:\/\/wirtschaftspost-online.de\/?page_id=14","title":{"rendered":"Impressum"},"content":{"rendered":"<div class=\"wp-block-image\">\n<figure class=\"alignright\"><img loading=\"lazy\" decoding=\"async\" width=\"300\" height=\"162\" src=\"https:\/\/wirtschaftspost-online.de\/wp-content\/uploads\/2020\/02\/schriftzug-erfolg-300x162.jpg\" alt=\"\" class=\"wp-image-9\" srcset=\"https:\/\/wirtschaftspost-online.de\/wp-content\/uploads\/2020\/02\/schriftzug-erfolg-300x162.jpg 300w, https:\/\/wirtschaftspost-online.de\/wp-content\/uploads\/2020\/02\/schriftzug-erfolg.jpg 314w\" sizes=\"auto, (max-width: 300px) 100vw, 300px\" \/><\/figure><\/div>\n\n\n<p><strong data-rich-text-format-boundary=\"true\">Herausgeber:<\/strong><br data-rich-text-line-break=\"true\">1. Agentur f\u00fcr Journalismus, Internet &amp; Marketing<br>Freimut Hengst<br data-rich-text-line-break=\"true\">Hugo-Junkers-Allee 38<br data-rich-text-line-break=\"true\">39128 Magdeburg<br data-rich-text-line-break=\"true\">Telefon: 0391 &#8211; 55 64 115<br data-rich-text-line-break=\"true\">Mobil: 0179 &#8211; 1 20 17 99<br data-rich-text-line-break=\"true\">E-Mail: <a href=\"mailto:freimut.hengst@1ajim.de\">freimut.hengst@1ajim.de<\/a><\/p>\n\n\n\n<p><strong>Fotos und Abbildungen: <\/strong><br>Freimut Hengst (soweit am Foto nicht anders vermerkt)<\/p>\n\n\n\n<hr class=\"wp-block-separator has-css-opacity\"\/>\n\n\n\n<h4 class=\"wp-block-heading\">Rechtliche Hinweise<\/h4>\n\n\n\n<p><strong>Haftung und Inhalte<\/strong><\/p>\n\n\n\n<p>Die Inhalte unserer Seiten wurden mit gr\u00f6\u00dfter Sorgfalt erstellt. F\u00fcr die Richtigkeit, Vollst\u00e4ndigkeit und Aktualit\u00e4t der Inhalte k\u00f6nnen wir jedoch keine Gew\u00e4hr \u00fcbernehmen. Als Diensteanbieter sind wir gem\u00e4\u00df Telekommunikation-Digitale-Dienste-Datenschutz-Gesetz (TDDDG) f\u00fcr eigene Inhalte auf diesen Seiten nach den allgemeinen Gesetzen verantwortlich. Wir sind als Diensteanbieter jedoch nicht verpflichtet, \u00fcbermittelte oder gespeicherte fremde Informationen zu \u00fcberwachen oder nach Umst\u00e4nden zu forschen, die auf eine rechtswidrige T\u00e4tigkeit hinweisen. Verpflichtungen zur Entfernung oder Sperrung der Nutzung von Informationen nach den allgemeinen Gesetzen bleiben hiervon unber\u00fchrt. Eine diesbez\u00fcgliche Haftung ist jedoch erst ab dem Zeitpunkt der Kenntnis einer konkreten Rechtsverletzung m\u00f6glich. Bei Bekanntwerden von entsprechenden Rechtsverletzungen werden wir diese Inhalte umgehend entfernen.<\/p>\n\n\n\n<p><strong>Haftung f\u00fcr Links<\/strong><\/p>\n\n\n\n<p>Unser Angebot enth\u00e4lt Links zu externen Webseiten Dritter, auf deren  Inhalt wir keinen Einfluss haben. Deshalb k\u00f6nnen wir f\u00fcr diese fremden  Inhalte auch keine Gew\u00e4hr \u00fcbernehmen. F\u00fcr Inhalte der verlinkten Seiten  ist stets der jeweilige Anbieter oder Betreiber der Seiten verantwortlich. Die verlinkten Seiten wurden zum Zeitpunkt der Verlinkung auf m\u00f6gliche Rechtsverst\u00f6\u00dfe \u00fcberpr\u00fcft. Rechtswidrige Inhalte waren zum Zeitpunkt der Verlinkung nicht erkennbar. Eine permanente inhaltliche Kontrolle der verlinkten Seiten ist jedoch ohne konkrete Anhaltspunkte einer Rechtsverletzung nicht zumutbar. Bei bekannt werden  von Rechtsverletzungen werden wir derartige Links umgehend entfernen.<\/p>\n\n\n\n<p><strong>Urheberrecht<\/strong><\/p>\n\n\n\n<p>Die Betreiber der Seiten sind bem\u00fcht, stets die Urheberrechte anderer zu beachten bzw. auf selbst erstellte lizenzfreie Werke zur\u00fcckzugreifen.<br>Die durch die Seitenbetreiber erstellten Inhalte und Werke auf diesen Seiten unterliegen dem deutschen Urheberrecht. Beitr\u00e4ge Dritter sind als solche gekennzeichnet. Die Vervielf\u00e4ltigung, Bearbeitung, Verarbeitung und jede Art der Verwertung au\u00dferhalb der Grenzen des Urheberrechtes bed\u00fcrfen der schriftlichen Zustimmung des jeweiligen Autors bzw. Erstellers. Downloads und Kopien dieser Seite sind nur f\u00fcr den privaten, nicht kommerziellen Gebrauch gestattet.<\/p>\n","protected":false},"excerpt":{"rendered":"<p>Herausgeber:1. Agentur f\u00fcr Journalismus, Internet &amp; MarketingFreimut HengstHugo-Junkers-Allee 3839128 MagdeburgTelefon: 0391 &#8211; 55 64 115Mobil: 0179 &#8211; 1 20 17 99E-Mail: freimut.hengst@1ajim.de Fotos und Abbildungen: Freimut Hengst (soweit am Foto nicht anders vermerkt) Rechtliche Hinweise Haftung und Inhalte Die Inhalte <a class=\"more-link\" href=\"https:\/\/wirtschaftspost-online.de\/?page_id=14\">[ . . . ]<\/a><\/p>\n","protected":false},"author":1,"featured_media":0,"parent":0,"menu_order":0,"comment_status":"closed","ping_status":"closed","template":"","meta":{"footnotes":""},"class_list":["post-14","page","type-page","status-publish","hentry"],"aioseo_notices":[],"_links":{"self":[{"href":"https:\/\/wirtschaftspost-online.de\/index.php?rest_route=\/wp\/v2\/pages\/14","targetHints":{"allow":["GET"]}}],"collection":[{"href":"https:\/\/wirtschaftspost-online.de\/index.php?rest_route=\/wp\/v2\/pages"}],"about":[{"href":"https:\/\/wirtschaftspost-online.de\/index.php?rest_route=\/wp\/v2\/types\/page"}],"author":[{"embeddable":true,"href":"https:\/\/wirtschaftspost-online.de\/index.php?rest_route=\/wp\/v2\/users\/1"}],"replies":[{"embeddable":true,"href":"https:\/\/wirtschaftspost-online.de\/index.php?rest_route=%2Fwp%2Fv2%2Fcomments&post=14"}],"version-history":[{"count":5,"href":"https:\/\/wirtschaftspost-online.de\/index.php?rest_route=\/wp\/v2\/pages\/14\/revisions"}],"predecessor-version":[{"id":7343,"href":"https:\/\/wirtschaftspost-online.de\/index.php?rest_route=\/wp\/v2\/pages\/14\/revisions\/7343"}],"wp:attachment":[{"href":"https:\/\/wirtschaftspost-online.de\/index.php?rest_route=%2Fwp%2Fv2%2Fmedia&parent=14"}],"curies":[{"name":"wp","href":"https:\/\/api.w.org\/{rel}","templated":true}]}}