{"id":158,"date":"2020-02-21T16:21:48","date_gmt":"2020-02-21T15:21:48","guid":{"rendered":"http:\/\/wirtschaftspost-online.de\/wipo\/?page_id=158"},"modified":"2025-10-29T21:00:12","modified_gmt":"2025-10-29T20:00:12","slug":"willkommen","status":"publish","type":"page","link":"https:\/\/wirtschaftspost-online.de\/","title":{"rendered":"10 Jahre WIRTSCHAFTSPOST"},"content":{"rendered":"\n<p class=\"has-text-align-left has-black-color has-text-color has-link-color wp-elements-a54380a1e3ff1fa2220cd4228e9b0767\">Willkommen auf den Seiten der Wirtschaftspost. 2024 war es bereits 10 Jahre her, dass die Idee der WIRTSCHAFTSPOST als digitale Alternative zur Magdeburger IHK-Zeitschrift entstand. Damals wirkte Freimut Hengst bereits seit 2009 als Verlagsdienstleister f\u00fcr das Magdeburger IHK-Magazin &#8222;DER MARKT IN MITTELDEUTSCHLAND mit, das Ende 2023 eingestampft wurde.<\/p>\n\n\n\n<p class=\"has-text-align-left has-black-color has-text-color has-link-color wp-elements-7437f3d72d4b29025c3598eb3f0a6e77\">Die Herausgabe eines eigenen Wirtschaftsmagazins f\u00fcr Mitteldeutschland war jahrelang ein spannendes neues Projekt fpr Freimut Hengst. So hat die WIRTSCHAFTSPOST noch heute einige Jahre Vorsprung gegen\u00fcber den verschiedenen Versuchen der Kammern, sich online zu pr\u00e4sentieren:<\/p>\n\n\n\n<p class=\"has-black-color has-text-color has-link-color wp-elements-3826b9cf388f90ffd19547a60e33ece1\">Unsere digitale <mark style=\"background-color:rgba(0, 0, 0, 0);color:#e9238f\" class=\"has-inline-color\">WIRTSCHAFTSPOST-Kommunikations-Architektur<\/mark> mit<\/p>\n\n\n\n<ul class=\"wp-block-list has-black-color has-text-color has-link-color wp-elements-6e813ecda41bc5d00a740d174a69c238\">\n<li><strong>Magazin<\/strong> im PDF-Format und <strong>NEWSLETTER<\/strong> zu jeder Ausgabe<\/li>\n\n\n\n<li><strong>NEWSBOX<\/strong> f\u00fcr tagaktuelle Meldungen<\/li>\n\n\n\n<li><strong>INTERVIEWBOX<\/strong> f\u00fcr authentischen Wortmeldungen von interessanten Pers\u00f6nlichkeiten<\/li>\n\n\n\n<li><strong>TERMINBOX<\/strong> zur Vorank\u00fcndigung von Veranstaltungen und<\/li>\n\n\n\n<li><strong>VIDEOBOX<\/strong> f\u00fcr bewegte und bewegende Bilder<\/li>\n<\/ul>\n\n\n\n<p class=\"has-black-color has-text-color has-link-color wp-elements-c88e6b060a98804e86a2cc0b53e8e29d\">ist f\u00fcr den medienwirksamen Auftritt unserer Partner eine variantenreiche M\u00f6glichkeit, sich extern online in Szene zu setzen. Die Tatsache, dass sich die <a href=\"https:\/\/wirtschaftspost-online.de\/?page_id=6091\" title=\"\"><mark style=\"background-color:rgba(0, 0, 0, 0);color:#ef1dde\" class=\"has-inline-color\"><strong>Leipziger Messe<\/strong><\/mark><\/a> 2024 f\u00fcr eine Medienpartnerschaft mit der WIRTSCHAFTSPOST entschieden hatte, best\u00e4tigt unsere B2B-Kommunikationsstrategie, von der auch Sie profitieren k\u00f6nnen.<\/p>\n\n\n\n<p><\/p>\n\n\n\n<p><strong>Werden auch Sie \u2013 wie die <a href=\"https:\/\/wirtschaftspost-online.de\/?page_id=6091\" title=\"\"><mark style=\"background-color:rgba(0, 0, 0, 0);color:#ed1cb2\" class=\"has-inline-color\">Leipziger Messe \u2013 Medienpartener der WIRTSCHAFTSPOST<\/mark><\/a> und profitieren Sie von den Vorteilen einer externen Medienpr\u00e4senz!<\/strong><\/p>\n\n\n\n<p><\/p>\n\n\n\n<p class=\"has-black-color has-text-color has-link-color wp-elements-98ee7d40c57fce3976b6017ca223b30d\">Ihr Freimut Hengst,<br>seit 2014 bis 2024 Herausgeber der WIRTSCHAFTSPOST<\/p>\n\n\n\n<div style=\"height:24px\" aria-hidden=\"true\" class=\"wp-block-spacer\"><\/div>\n\n\n\n<p><a href=\"https:\/\/wirtschaftspost-online.de\/?page_id=207\"><strong>Die letzte Ausgabe als Web-PDF finden Sie hier<\/strong>.<\/a><\/p>\n\n\n\n<p id=\"block-cdbdd3ff-ebcb-42b8-bb73-6ddfdd16b638\">Willkommen auf den Seiten der Wirtschaftspost. 2024 war es bereits 10 Jahre her, das die Idee der WIRTSCHAFTSPOST als digitale Alternative zur Magdeburger IHK-Zeitschrift entstand. Damals wirkte Freimut Hengst bereits seit 2009 als Verlagsdienstleister f\u00fcr das Magdeburger IHK-Magazin &#8222;DER MARKT IN MITTELDEUTSCHLAND mit, das 2023 eingestampft wurde <strong>(<a href=\"https:\/\/www.1ajim.de\/ihk\">https:\/\/www.1ajim.de\/ihk<\/a>)<\/strong>.<\/p>\n\n\n\n<p id=\"block-b6c35049-3177-4c09-928a-1e1f4cb70424\">Die Herausgabe eines eigenen Wirtschaftsmagazins f\u00fcr Mitteldeutschland war jahrelang ein spannendes neues Projekt. So hat die WIRTSCHAFTSPOST noch heute einige Jahre Vorsprung gegen\u00fcber den verschiedenen Versuchen der Kammern, sich online zu pr\u00e4sentieren:<\/p>\n\n\n\n<p><\/p>\n\n\n\n<p><\/p>\n\n\n\n<p id=\"block-38628289-7a4a-4ca9-af57-9db6af06dd0f\">Ihr Freimut Hengst,<br>seit 2014 Herausgeber des Onlinemagazins WIRTSCHAFTSPOST<\/p>\n\n\n<div class=\"wp-block-image\">\n<figure class=\"alignleft size-full is-resized\"><a href=\"https:\/\/www.1ajim.de\"><img loading=\"lazy\" decoding=\"async\" width=\"200\" height=\"67\" src=\"https:\/\/wirtschaftspost-online.de\/wp-content\/uploads\/2025\/10\/1ajim-logo-quer.png\" alt=\"\" class=\"wp-image-8103\" style=\"width:66px;height:auto\"\/><\/a><\/figure><\/div>\n\n\n<p><a href=\"https:\/\/www.1ajim.de\/\" title=\"\">Link zum HERAUSGEBER  der WIRTSCHAFTSPOST<\/a><\/p>\n\n\n\n<p><\/p>\n\n\n\n<p id=\"block-ea5ff088-a504-45f5-adba-2eac1e423025\"><a href=\"https:\/\/wirtschaftspost-online.de\/?page_id=207\"><strong>Die letzte Ausgabe als Web-PDF finden Sie hier<\/strong>.<\/a> <\/p>\n\n\n\n<div style=\"height:30px\" aria-hidden=\"true\" class=\"wp-block-spacer\"><\/div>\n\n\n\n<p class=\"has-text-align-center has-black-color has-text-color has-link-color wp-elements-e8ecd402201c3c92309d04eedba010e7\"><em>Unsere Partner<\/em><\/p>\n\n\n\n<div style=\"height:40px\" aria-hidden=\"true\" class=\"wp-block-spacer\"><\/div>\n\n\n\n<p class=\"has-text-align-center has-black-color has-text-color has-link-color wp-elements-1013ea90556d9e6bfa7a0174e8cc6275\"><em>Die WIRTSCHAFTSPOST wird Ihnen pr\u00e4sentiert von <\/em><\/p>\n\n\n\n<figure class=\"wp-block-table is-style-regular has-small-font-size\" style=\"font-style:normal;font-weight:400\"><table class=\"has-black-color has-text-color has-link-color has-fixed-layout\"><tbody><tr><td><img decoding=\"async\" style=\"width: 180px;\" src=\"https:\/\/wirtschaftspost-online.de\/wp-content\/uploads\/2022\/04\/diepa.png\" alt=\"\"><br><\/td><td> <br><a href=\"https:\/\/wirtschaftspost-online.de\/?page_id=6005\" title=\"Endlich qualifizierte Mitarbeiter finden\"><img decoding=\"async\" style=\"width: 220px;\" src=\"https:\/\/wirtschaftspost-online.de\/wp-content\/uploads\/2023\/11\/kreativplantage-klein-hf.png\" alt=\"\"><\/a><\/td><\/tr><tr><td><strong>DIEPA GmbH<\/strong> \u2013 <br>Ihr Dienstleister f\u00fcr das richtige Personal <br>zur richtigen Zeit:<br><a href=\"http:\/\/www.die-pa.de\/\" target=\"_blank\" rel=\"noreferrer noopener\">www.die-pa.de<\/a><\/td><td><strong>kreativplantage GmbH<\/strong> &#8211; DER <strong>Personalmarketingexperte <\/strong>aus der Region Magdeburg.<br><a href=\"http:\/\/www.kreativplantage.de\/\" target=\"_blank\" rel=\"noopener\" title=\"\">www.kreativplantage.de<\/a><\/td><\/tr><\/tbody><\/table><\/figure>\n\n\n\n<p><\/p>\n","protected":false},"excerpt":{"rendered":"<p>Willkommen auf den Seiten der Wirtschaftspost. 2024 war es bereits 10 Jahre her, dass die Idee der WIRTSCHAFTSPOST als digitale Alternative zur Magdeburger IHK-Zeitschrift entstand. Damals wirkte Freimut Hengst bereits seit 2009 als Verlagsdienstleister f\u00fcr das Magdeburger IHK-Magazin &#8222;DER MARKT <a class=\"more-link\" href=\"https:\/\/wirtschaftspost-online.de\/\">[ . . . ]<\/a><\/p>\n","protected":false},"author":1,"featured_media":0,"parent":0,"menu_order":0,"comment_status":"closed","ping_status":"closed","template":"","meta":{"footnotes":""},"class_list":["post-158","page","type-page","status-publish","hentry"],"aioseo_notices":[],"_links":{"self":[{"href":"https:\/\/wirtschaftspost-online.de\/index.php?rest_route=\/wp\/v2\/pages\/158","targetHints":{"allow":["GET"]}}],"collection":[{"href":"https:\/\/wirtschaftspost-online.de\/index.php?rest_route=\/wp\/v2\/pages"}],"about":[{"href":"https:\/\/wirtschaftspost-online.de\/index.php?rest_route=\/wp\/v2\/types\/page"}],"author":[{"embeddable":true,"href":"https:\/\/wirtschaftspost-online.de\/index.php?rest_route=\/wp\/v2\/users\/1"}],"replies":[{"embeddable":true,"href":"https:\/\/wirtschaftspost-online.de\/index.php?rest_route=%2Fwp%2Fv2%2Fcomments&post=158"}],"version-history":[{"count":193,"href":"https:\/\/wirtschaftspost-online.de\/index.php?rest_route=\/wp\/v2\/pages\/158\/revisions"}],"predecessor-version":[{"id":8118,"href":"https:\/\/wirtschaftspost-online.de\/index.php?rest_route=\/wp\/v2\/pages\/158\/revisions\/8118"}],"wp:attachment":[{"href":"https:\/\/wirtschaftspost-online.de\/index.php?rest_route=%2Fwp%2Fv2%2Fmedia&parent=158"}],"curies":[{"name":"wp","href":"https:\/\/api.w.org\/{rel}","templated":true}]}}