{"id":166,"date":"2020-02-21T17:43:10","date_gmt":"2020-02-21T16:43:10","guid":{"rendered":"http:\/\/wirtschaftspost-online.de\/wipo\/?page_id=166"},"modified":"2023-09-07T14:18:14","modified_gmt":"2023-09-07T12:18:14","slug":"videobox","status":"publish","type":"page","link":"https:\/\/wirtschaftspost-online.de\/?page_id=166","title":{"rendered":"VideoBox"},"content":{"rendered":"\n<p class=\"has-black-color has-text-color has-medium-font-size\"><strong>WIRTSCHAFTSPOST-SOMMERTOUR: 30 Jahre GP G\u00fcnter Papenburg AG in Farsleben mit Tag der Offenen T\u00fcr<\/strong><\/p>\n\n\n\n<p class=\"has-black-color has-text-color\">Andreas Richter vom OrtsTV Barleben sprach mit G\u00fcnter Papenburg.<\/p>\n\n\n\n<figure class=\"wp-block-embed is-type-video is-provider-youtube wp-block-embed-youtube wp-embed-aspect-16-9 wp-has-aspect-ratio\"><div class=\"wp-block-embed__wrapper\">\n<iframe loading=\"lazy\" title=\"OrtsTV Barleben\" width=\"650\" height=\"366\" src=\"https:\/\/www.youtube.com\/embed\/N7Rm6fmLoSI?feature=oembed\" frameborder=\"0\" allow=\"accelerometer; autoplay; clipboard-write; encrypted-media; gyroscope; picture-in-picture; web-share\" referrerpolicy=\"strict-origin-when-cross-origin\" allowfullscreen><\/iframe>\n<\/div><\/figure>\n\n\n\n<p class=\"has-black-color has-text-color\"><a href=\"https:\/\/wirtschaftspost-online.de\/?p=5552\" title=\"Unseren Bericht vom Tag der Offenen T\u00fcr zum 30-j\u00e4hrigen Bestehen finden Sie hier\">Unseren Bericht vom Tag der Offenen T\u00fcr zum 30-j\u00e4hrigen Bestehen finden Sie hier<\/a>. <\/p>\n\n\n\n<div style=\"height:35px\" aria-hidden=\"true\" class=\"wp-block-spacer\"><\/div>\n\n\n\n<p class=\"has-black-color has-text-color has-medium-font-size\"><strong>Energiewende: Antragskonferenz f\u00fcr den SuedOstLink+<\/strong><\/p>\n\n\n\n<p class=\"has-black-color has-text-color\">Die Bundesnetzagentur hatte zum 27. Februar 2023 zur Antragskonferenz (nach \u00a7 6 Netzausbaubeschleunigungsgesetz) f\u00fcr den SuedOstLink+ in das Kulturhaus der Hansestadt Salzwedel eingeladen.<br>Hier ein kurzer Bericht von unserem Partner <a href=\"https:\/\/www.youtube.com\/c\/AndreasRichterOrtsTV\" target=\"_blank\" rel=\"noopener\">Andreas Richter vom OrtsTV Barleben<\/a>, der aktuelle Berichte mit und regionalen Informationen aus den Orten Barleben, Ebendorf, Meitzendorf und dar\u00fcber hinaus f\u00fcr Sie ins Netz stellt. <\/p>\n\n\n\n<figure class=\"wp-block-embed is-type-video is-provider-youtube wp-block-embed-youtube wp-embed-aspect-16-9 wp-has-aspect-ratio\"><div class=\"wp-block-embed__wrapper\">\n<iframe loading=\"lazy\" title=\"OrtsTV Barleben\" width=\"650\" height=\"366\" src=\"https:\/\/www.youtube.com\/embed\/yNn6ogKRy-4?feature=oembed\" frameborder=\"0\" allow=\"accelerometer; autoplay; clipboard-write; encrypted-media; gyroscope; picture-in-picture; web-share\" referrerpolicy=\"strict-origin-when-cross-origin\" allowfullscreen><\/iframe>\n<\/div><\/figure>\n\n\n\n<div style=\"height:35px\" aria-hidden=\"true\" class=\"wp-block-spacer\"><\/div>\n\n\n\n<p class=\"has-black-color has-text-color has-medium-font-size\"><strong>Berufsmesse<\/strong> <strong>\u201eKICK-START-MINT\u201c im IGZ Barleben<\/strong><\/p>\n\n\n\n<p class=\"has-black-color has-text-color\">Am 14. September 2022 fand die \u201eKICK-START-MINT\u201c &#8211; die Berufsmesse im IGZ Barleben statt. Die Messe bot wieder umfangreiche M\u00f6glichkeiten f\u00fcr junge Menschen, sich \u00fcber ihre Chancen bei der Wahl des Berufes zu informieren,<br>Hier ein kurzer Bericht von unserem Partner <a href=\"https:\/\/www.youtube.com\/c\/AndreasRichterOrtsTV\" target=\"_blank\" rel=\"noopener\">Andreas Richter vom OrtsTV Barleben<\/a>, der aktuelle Berichte mit und regionalen Informationen aus den Orten Barleben, Ebendorf, Meitzendorf und dar\u00fcber hinaus f\u00fcr Sie ins Netz stellt. <\/p>\n\n\n\n<figure class=\"wp-block-embed is-type-video is-provider-youtube wp-block-embed-youtube wp-embed-aspect-16-9 wp-has-aspect-ratio\"><div class=\"wp-block-embed__wrapper\">\n<iframe loading=\"lazy\" title=\"OrtsTV Barleben\" width=\"650\" height=\"366\" src=\"https:\/\/www.youtube.com\/embed\/Rj5qWbqjAbQ?feature=oembed\" frameborder=\"0\" allow=\"accelerometer; autoplay; clipboard-write; encrypted-media; gyroscope; picture-in-picture; web-share\" referrerpolicy=\"strict-origin-when-cross-origin\" allowfullscreen><\/iframe>\n<\/div><\/figure>\n\n\n\n<div style=\"height:35px\" aria-hidden=\"true\" class=\"wp-block-spacer\"><\/div>\n\n\n\n<p class=\"has-black-color has-text-color has-medium-font-size\"><strong>Wahlcheck des BVMW zu den OB Wahlen in Magdeburg<\/strong><\/p>\n\n\n\n<p class=\"has-black-color has-text-color\">Der <strong><a href=\"http:\/\/www.bvmw.de\" target=\"_blank\" rel=\"noreferrer noopener\" title=\"BVMW\">BVMW<\/a><\/strong> &#8211; Bundesverband mittelst\u00e4ndische Wirtschaft, Unternehmerverband Deutschlands e.V., Kreisverband Sachsen-Anhalt &#8211; lud die Kandidaten zur bevorstehenden Wahl des neuen Magdeburger Oberb\u00fcrgermeisters zu einer aktuellen Fragestunde ein. Alle standen Rede und Antwort auf aktuelle Fragen der B\u00fcrger. <br>Ein Bericht von Andreas Richter, ORTsTV-Reporter und Partner der Wirtschaftspost.<\/p>\n\n\n\n<figure class=\"wp-block-embed is-type-video is-provider-youtube wp-block-embed-youtube wp-embed-aspect-16-9 wp-has-aspect-ratio\"><div class=\"wp-block-embed__wrapper\">\n<iframe loading=\"lazy\" title=\"OrtsTV Barleben\" width=\"650\" height=\"366\" src=\"https:\/\/www.youtube.com\/embed\/Pvh1H6nrz9U?feature=oembed\" frameborder=\"0\" allow=\"accelerometer; autoplay; clipboard-write; encrypted-media; gyroscope; picture-in-picture; web-share\" referrerpolicy=\"strict-origin-when-cross-origin\" allowfullscreen><\/iframe>\n<\/div><\/figure>\n\n\n\n<div style=\"height:35px\" aria-hidden=\"true\" class=\"wp-block-spacer\"><\/div>\n\n\n\n<p class=\"has-black-color has-text-color has-medium-font-size\"><strong>Computer-Spiele f\u00fcr Kinder<\/strong><\/p>\n\n\n\n<p class=\"has-black-color has-text-color\">Andreas Richter, ORTsTV-Reporter und Partner der Wirtschaftspost in Sachen Videobox, im Gespr\u00e4ch mit dem Magdeburger eSport-Experten Marius Lauer, Gesch\u00e4ftsf\u00fchrer der <em>Rock It Science Entertainment<\/em> und Moderator und Kommentator des Pay-TV-Senders eSports1 (ehemals DSF).<\/p>\n\n\n\n<p class=\"has-black-color has-text-color\">Lauer gibt Tipps und Informationen rund um Computer und Spiele f\u00fcr Kinder&nbsp;&#8211; speziell im Hinblick auf das Weihnachts-Shopping der Eltern.<br>Mehr \u00fcber Marius Lauer erfahren Sie auf seiner Webseite <a href=\"https:\/\/verdipwnz.de\" target=\"_blank\" rel=\"noreferrer noopener\">verdipwnz.de<\/a>.<\/p>\n\n\n\n<figure class=\"wp-block-embed is-type-video is-provider-youtube wp-block-embed-youtube wp-embed-aspect-16-9 wp-has-aspect-ratio\"><div class=\"wp-block-embed__wrapper\">\n<iframe loading=\"lazy\" title=\"OrtsTV Barleben\" width=\"650\" height=\"366\" src=\"https:\/\/www.youtube.com\/embed\/lZuocq1S1Zc?feature=oembed\" frameborder=\"0\" allow=\"accelerometer; autoplay; clipboard-write; encrypted-media; gyroscope; picture-in-picture; web-share\" referrerpolicy=\"strict-origin-when-cross-origin\" allowfullscreen><\/iframe>\n<\/div><\/figure>\n\n\n\n<hr class=\"wp-block-separator has-css-opacity\"\/>\n\n\n<div class=\"wp-block-image\">\n<figure class=\"aligncenter size-large\"><img loading=\"lazy\" decoding=\"async\" width=\"1024\" height=\"676\" src=\"https:\/\/wirtschaftspost-online.de\/wp-content\/uploads\/2021\/12\/Anzeige-Wirtschaftspost-1024x676.jpg\" alt=\"\" class=\"wp-image-2911\" srcset=\"https:\/\/wirtschaftspost-online.de\/wp-content\/uploads\/2021\/12\/Anzeige-Wirtschaftspost-1024x676.jpg 1024w, https:\/\/wirtschaftspost-online.de\/wp-content\/uploads\/2021\/12\/Anzeige-Wirtschaftspost-300x198.jpg 300w, https:\/\/wirtschaftspost-online.de\/wp-content\/uploads\/2021\/12\/Anzeige-Wirtschaftspost-768x507.jpg 768w, https:\/\/wirtschaftspost-online.de\/wp-content\/uploads\/2021\/12\/Anzeige-Wirtschaftspost-1536x1015.jpg 1536w, https:\/\/wirtschaftspost-online.de\/wp-content\/uploads\/2021\/12\/Anzeige-Wirtschaftspost-650x429.jpg 650w, https:\/\/wirtschaftspost-online.de\/wp-content\/uploads\/2021\/12\/Anzeige-Wirtschaftspost-1320x872.jpg 1320w, https:\/\/wirtschaftspost-online.de\/wp-content\/uploads\/2021\/12\/Anzeige-Wirtschaftspost.jpg 1591w\" sizes=\"auto, (max-width: 1024px) 100vw, 1024px\" \/><\/figure><\/div>\n\n\n<div style=\"height:35px\" aria-hidden=\"true\" class=\"wp-block-spacer\"><\/div>\n\n\n\n<p class=\"has-black-color has-text-color has-medium-font-size\"><strong>Wirtschaftsminister Schulze<\/strong> <strong>\u00fcbergibt F\u00f6rdermittel an MDDSL<\/strong><\/p>\n\n\n\n<p class=\"has-black-color has-text-color\">(9. November 2021) Wirtschaftsminister Schulze \u00fcbergab 1,7 Millionen Euro F\u00f6rdergelder an das Barleber Unternehmen MDDSL f\u00fcr den weiteren Ausbau des Glasfasernetzes. Das Geld ist vorrangig f\u00fcr Investitionen in der Stadt Wolmirstedt mit den Ortsteilen Glindenberg, Farsleben und Mose vorgesehen. Parallel dazu sollen auch im S\u00fclzetal (Osterweddingen, Langenweddingen und Schwaneberg) weiter am Glasfasernetz ausgebaut werden. <\/p>\n\n\n\n<figure class=\"wp-block-embed is-type-video is-provider-youtube wp-block-embed-youtube wp-embed-aspect-16-9 wp-has-aspect-ratio\"><div class=\"wp-block-embed__wrapper\">\n<iframe loading=\"lazy\" title=\"OrtsTV Barleben\" width=\"650\" height=\"366\" src=\"https:\/\/www.youtube.com\/embed\/92rv20PnG0I?feature=oembed\" frameborder=\"0\" allow=\"accelerometer; autoplay; clipboard-write; encrypted-media; gyroscope; picture-in-picture; web-share\" referrerpolicy=\"strict-origin-when-cross-origin\" allowfullscreen><\/iframe>\n<\/div><figcaption class=\"wp-element-caption\"><em>Ein Beitrag von Andreas Richter, <a rel=\"noreferrer noopener\" href=\"http:\/\/barleben.ortstv.de\" target=\"_blank\">barleben.ortstv.de<\/a><\/em><\/figcaption><\/figure>\n\n\n\n<div style=\"height:50px\" aria-hidden=\"true\" class=\"wp-block-spacer\"><\/div>\n\n\n\n<p><strong>Konjunktur-Pressekonferenz der IHK Magdeburg<\/strong><\/p>\n\n\n\n<p>Am 27. August 2020 fand eine Konjunktur-Pressekonferenz<br>der IHK Magdeburg statt. Hier f\u00fcr Sie der Livemitschnitt auf Youtube:&nbsp;<\/p>\n\n\n\n<figure class=\"wp-block-embed is-type-video is-provider-youtube wp-block-embed-youtube wp-embed-aspect-16-9 wp-has-aspect-ratio\"><div class=\"wp-block-embed__wrapper\">\n<iframe loading=\"lazy\" title=\"Pressekonferenz Konjunktur der IHK Magdeburg am 27.08.2020  11:00 Uhr\" width=\"650\" height=\"366\" src=\"https:\/\/www.youtube.com\/embed\/ABDBYUBz7Fg?feature=oembed\" frameborder=\"0\" allow=\"accelerometer; autoplay; clipboard-write; encrypted-media; gyroscope; picture-in-picture; web-share\" referrerpolicy=\"strict-origin-when-cross-origin\" allowfullscreen><\/iframe>\n<\/div><\/figure>\n\n\n\n<div style=\"height:50px\" aria-hidden=\"true\" class=\"wp-block-spacer\"><\/div>\n\n\n\n<p><strong>Corona-Krise fordert Tourismus heraus<\/strong><\/p>\n\n\n\n<p>(Berlin, 4. Juni 2020) Das Sparkassen-Tourismus-Barometer erschien nun erstmals im Videoformat. Das Thema: &#8222;Die Corona-Krise als harte Belastungsprobe f\u00fcr Betriebe \u2013 agiles Arbeiten jetzt wichtiger.&#8220;<\/p>\n\n\n\n<figure class=\"wp-block-embed is-type-video is-provider-youtube wp-block-embed-youtube wp-embed-aspect-16-9 wp-has-aspect-ratio\"><div class=\"wp-block-embed__wrapper\">\n<iframe loading=\"lazy\" title=\"Sparkassen-Tourismusbarometer 2020 -  Konjunkturbericht\" width=\"650\" height=\"366\" src=\"https:\/\/www.youtube.com\/embed\/xyGBiOtjaag?feature=oembed\" frameborder=\"0\" allow=\"accelerometer; autoplay; clipboard-write; encrypted-media; gyroscope; picture-in-picture; web-share\" referrerpolicy=\"strict-origin-when-cross-origin\" allowfullscreen><\/iframe>\n<\/div><\/figure>\n\n\n\n<div style=\"height:50px\" aria-hidden=\"true\" class=\"wp-block-spacer\"><\/div>\n\n\n\n<p><strong>&#8222;Zukunftsorte&#8220; \u2013 Film der IMG mit internationalem Wirtschafts-Filmpreis ausgezeichnet<\/strong><\/p>\n\n\n\n<figure class=\"wp-block-embed is-type-video is-provider-youtube wp-block-embed-youtube wp-embed-aspect-16-9 wp-has-aspect-ratio\"><div class=\"wp-block-embed__wrapper\">\n<iframe loading=\"lazy\" title=\"Zukunftsorte Sachsen-Anhalt\" width=\"650\" height=\"366\" src=\"https:\/\/www.youtube.com\/embed\/t908yacFwvo?feature=oembed\" frameborder=\"0\" allow=\"accelerometer; autoplay; clipboard-write; encrypted-media; gyroscope; picture-in-picture; web-share\" referrerpolicy=\"strict-origin-when-cross-origin\" allowfullscreen><\/iframe>\n<\/div><\/figure>\n\n\n\n<div style=\"height:50px\" aria-hidden=\"true\" class=\"wp-block-spacer\"><\/div>\n\n\n\n<p><strong>Den Gewinner des Gr\u00fcnderwettbewerbs vorgestellt<\/strong><\/p>\n\n\n\n<p>Bei unseren Recherchen f\u00fcr die Mai-Ausgabe sind wir auf eine Pressemitteilung der Landeshauptstadt Magdeburg <strong><em>Gewinner*innen im Gr\u00fcnderwettbewerb \u201eotto zahlt deine rechnung\u201c stehen fest<\/em><\/strong> aufmerksam geworden. Als WIRTSCHAFTSPOST mit hoher Online-Affinit\u00e4t haben wir uns entschieden, Ihnen die HumanGoodie GmbH vorzustellen.<\/p>\n\n\n\n<figure class=\"wp-block-image size-large\"><a href=\"https:\/\/www.youtube.com\/channel\/UC5cebo-spqi5cGht4UZ6R-Q\"><img loading=\"lazy\" decoding=\"async\" width=\"1024\" height=\"683\" src=\"https:\/\/wirtschaftspost-online.de\/wp-content\/uploads\/2020\/05\/Buero01-scaled-1-1024x683.jpg\" alt=\"\" class=\"wp-image-1081\" srcset=\"https:\/\/wirtschaftspost-online.de\/wp-content\/uploads\/2020\/05\/Buero01-scaled-1-1024x683.jpg 1024w, https:\/\/wirtschaftspost-online.de\/wp-content\/uploads\/2020\/05\/Buero01-scaled-1-300x200.jpg 300w, https:\/\/wirtschaftspost-online.de\/wp-content\/uploads\/2020\/05\/Buero01-scaled-1-768x512.jpg 768w, https:\/\/wirtschaftspost-online.de\/wp-content\/uploads\/2020\/05\/Buero01-scaled-1-1536x1024.jpg 1536w, https:\/\/wirtschaftspost-online.de\/wp-content\/uploads\/2020\/05\/Buero01-scaled-1-2048x1366.jpg 2048w, https:\/\/wirtschaftspost-online.de\/wp-content\/uploads\/2020\/05\/Buero01-scaled-1-650x433.jpg 650w, https:\/\/wirtschaftspost-online.de\/wp-content\/uploads\/2020\/05\/Buero01-scaled-1-1320x880.jpg 1320w\" sizes=\"auto, (max-width: 1024px) 100vw, 1024px\" \/><\/a><\/figure>\n\n\n\n<p>Erfahren Sie mehr auf dem <a href=\"https:\/\/www.youtube.com\/channel\/UC5cebo-spqi5cGht4UZ6R-Q\" target=\"_blank\" rel=\"noreferrer noopener\">Youtube-Kanal<\/a> der Onlineplattform \u201eUniGoodie.de\u201c der HumanGoodie GmbH.<\/p>\n","protected":false},"excerpt":{"rendered":"<p>WIRTSCHAFTSPOST-SOMMERTOUR: 30 Jahre GP G\u00fcnter Papenburg AG in Farsleben mit Tag der Offenen T\u00fcr Andreas Richter vom OrtsTV Barleben sprach mit G\u00fcnter Papenburg. Unseren Bericht vom Tag der Offenen T\u00fcr zum 30-j\u00e4hrigen Bestehen finden Sie hier. Energiewende: Antragskonferenz f\u00fcr den <a class=\"more-link\" href=\"https:\/\/wirtschaftspost-online.de\/?page_id=166\">[ . . . ]<\/a><\/p>\n","protected":false},"author":1,"featured_media":0,"parent":0,"menu_order":0,"comment_status":"closed","ping_status":"closed","template":"","meta":{"footnotes":""},"class_list":["post-166","page","type-page","status-publish","hentry"],"aioseo_notices":[],"_links":{"self":[{"href":"https:\/\/wirtschaftspost-online.de\/index.php?rest_route=\/wp\/v2\/pages\/166","targetHints":{"allow":["GET"]}}],"collection":[{"href":"https:\/\/wirtschaftspost-online.de\/index.php?rest_route=\/wp\/v2\/pages"}],"about":[{"href":"https:\/\/wirtschaftspost-online.de\/index.php?rest_route=\/wp\/v2\/types\/page"}],"author":[{"embeddable":true,"href":"https:\/\/wirtschaftspost-online.de\/index.php?rest_route=\/wp\/v2\/users\/1"}],"replies":[{"embeddable":true,"href":"https:\/\/wirtschaftspost-online.de\/index.php?rest_route=%2Fwp%2Fv2%2Fcomments&post=166"}],"version-history":[{"count":85,"href":"https:\/\/wirtschaftspost-online.de\/index.php?rest_route=\/wp\/v2\/pages\/166\/revisions"}],"predecessor-version":[{"id":5653,"href":"https:\/\/wirtschaftspost-online.de\/index.php?rest_route=\/wp\/v2\/pages\/166\/revisions\/5653"}],"wp:attachment":[{"href":"https:\/\/wirtschaftspost-online.de\/index.php?rest_route=%2Fwp%2Fv2%2Fmedia&parent=166"}],"curies":[{"name":"wp","href":"https:\/\/api.w.org\/{rel}","templated":true}]}}