{"id":215,"date":"2020-03-03T18:38:15","date_gmt":"2020-03-03T17:38:15","guid":{"rendered":"http:\/\/wirtschaftspost-online.de\/wipo\/?page_id=215"},"modified":"2020-03-26T11:16:27","modified_gmt":"2020-03-26T10:16:27","slug":"newsletter","status":"publish","type":"page","link":"https:\/\/wirtschaftspost-online.de\/?page_id=215","title":{"rendered":"Newsletter"},"content":{"rendered":"\n<p>Vielen Dank f\u00fcr Ihr Interesse an unserer WirtschaftsPost-online. Hier k\u00f6nnen Sie sich zu unserem Newsletter anmelden und erhalten so regelm\u00e4\u00dfig Mitteilungen zur neuen monatlichen Ausgabe und zu unseren sonstigen Informationsangeboten.<\/p>\n\n\n\n<p>Wenn \u2013 wie zu bef\u00fcrchten ist \u2013 eine Vielzahl unserer weit \u00fcber 2000 Newsletter-Abonnenten auf unseren Newsletter mit automatischen E-Mail-Antworten reagieren sollte, dass sie wegen der aktuellen Situation nicht erreichbar sind, machen wir uns Sorgen, dass die Wirtschaftswelt l\u00e4ngst vom Virus und dem Aktionismus der Politik sowie einiger Beh\u00f6rden und Medien lahmgelegt ist.  Wir hoffen aber, dass Sie unsere nahezu coronafreien Botschaften zeitnah erreichen und dass Sie arbeitsf\u00e4hig bleiben, weil Sie auch im Homeoffice gut vernetzt sind. <br><br>Selbstverst\u00e4ndlich akzeptieren wir Ihre Privatsph\u00e4re und behandeln Ihre Angaben nach den Vorschriften der DSGVO. Es erfolgt keine Weitergabe oder zweckentfremdete Nutzung Ihrer Daten durch die Wirtschaftspost online. Bitte beachten Sie auch unsere <a rel=\"noreferrer noopener\" aria-label=\"Datenschutzhinweise (\u00f6ffnet in neuem Tab)\" href=\"https:\/\/wirtschaftspost-online.de\/?page_id=16\" target=\"_blank\">Datenschutzhinweise<\/a>.<br><\/p>\n\n\n\n<p><code>  \n  \n  <div class=\"\n    mailpoet_form_popup_overlay\n      \"><\/div>\n  <div\n    id=\"mailpoet_form_1\"\n    class=\"\n      mailpoet_form\n      mailpoet_form_shortcode\n      mailpoet_form_position_\n      mailpoet_form_animation_\n    \"\n      >\n\n    <style type=\"text\/css\">\n     #mailpoet_form_1 .mailpoet_form {  }\n#mailpoet_form_1 .mailpoet_paragraph { line-height: 20px; }\n#mailpoet_form_1 .mailpoet_segment_label, #mailpoet_form_1 .mailpoet_text_label, #mailpoet_form_1 .mailpoet_textarea_label, #mailpoet_form_1 .mailpoet_select_label, #mailpoet_form_1 .mailpoet_radio_label, #mailpoet_form_1 .mailpoet_checkbox_label, #mailpoet_form_1 .mailpoet_list_label, #mailpoet_form_1 .mailpoet_date_label { display: block; font-weight: normal; }\n#mailpoet_form_1 .mailpoet_text, #mailpoet_form_1 .mailpoet_textarea, #mailpoet_form_1 .mailpoet_select, #mailpoet_form_1 .mailpoet_date_month, #mailpoet_form_1 .mailpoet_date_day, #mailpoet_form_1 .mailpoet_date_year, #mailpoet_form_1 .mailpoet_date { display: block; }\n#mailpoet_form_1 .mailpoet_text, #mailpoet_form_1 .mailpoet_textarea { width: 100%; }\n#mailpoet_form_1 .mailpoet_checkbox {  }\n#mailpoet_form_1 .mailpoet_submit input {  }\n#mailpoet_form_1 .mailpoet_divider {  }\n#mailpoet_form_1 .mailpoet_message {  }\n#mailpoet_form_1 .mailpoet_validate_success { font-weight: 600; color: #468847; }\n#mailpoet_form_1 .mailpoet_validate_error { color: #b94a48; }\n#mailpoet_form_1 .mailpoet_form_loading { width: 30px; text-align: center; line-height: normal; }\n#mailpoet_form_1 .mailpoet_form_loading > span { width: 5px; height: 5px; background-color: #5b5b5b; }#mailpoet_form_1{;}#mailpoet_form_1 .mailpoet_message {margin: 0; padding: 0 20px;}#mailpoet_form_1 .mailpoet_paragraph.last {margin-bottom: 0} @media (max-width: 500px) {#mailpoet_form_1 {background-image: none;}} @media (min-width: 500px) {#mailpoet_form_1 .last .mailpoet_paragraph:last-child {margin-bottom: 0}}  @media (max-width: 500px) {#mailpoet_form_1 .mailpoet_form_column:last-child .mailpoet_paragraph:last-child {margin-bottom: 0}} \n    <\/style>\n\n    <form\n      target=\"_self\"\n      method=\"post\"\n      action=\"https:\/\/wirtschaftspost-online.de\/wp-admin\/admin-post.php?action=mailpoet_subscription_form\"\n      class=\"mailpoet_form mailpoet_form_form mailpoet_form_shortcode\"\n      novalidate\n      data-delay=\"\"\n      data-exit-intent-enabled=\"\"\n      data-font-family=\"\"\n      data-cookie-expiration-time=\"\"\n    >\n      <input type=\"hidden\" name=\"data[form_id]\" value=\"1\" \/>\n      <input type=\"hidden\" name=\"token\" value=\"9f1df9e53b\" \/>\n      <input type=\"hidden\" name=\"api_version\" value=\"v1\" \/>\n      <input type=\"hidden\" name=\"endpoint\" value=\"subscribers\" \/>\n      <input type=\"hidden\" name=\"mailpoet_method\" value=\"subscribe\" \/>\n\n      <label class=\"mailpoet_hp_email_label\" style=\"display: none !important;\">Bitte dieses Feld leer lassen<input type=\"email\" name=\"data[email]\"\/><\/label><div class=\"mailpoet_paragraph\"><label for=\"form_first_name_1\" class=\"mailpoet_text_label\"  data-automation-id=\"form_first_name_label\" >Vorname <span class=\"mailpoet_required\" aria-hidden=\"true\">*<\/span><\/label><input type=\"text\" autocomplete=\"given-name\" class=\"mailpoet_text\" id=\"form_first_name_1\" name=\"data[form_field_NTZiYTRjNzQzZWUwX2ZpcnN0X25hbWU=]\" title=\"Vorname\" value=\"\" data-automation-id=\"form_first_name\" data-parsley-errors-container=\".mailpoet_error_u9ytc\" data-parsley-names='[&quot;Bitte gib einen g\u00fcltigen Namen an.&quot;,&quot;Adressen in Namen sind nicht erlaubt, bitte f\u00fcge stattdessen deinen Namen hinzu.&quot;]' data-parsley-required=\"true\" required aria-required=\"true\" data-parsley-required-message=\"Dieses Feld wird ben\u00f6tigt.\"\/><span class=\"mailpoet_error_u9ytc\"><\/span><\/div>\n<div class=\"mailpoet_paragraph\"><label for=\"form_last_name_1\" class=\"mailpoet_text_label\"  data-automation-id=\"form_last_name_label\" >Nachname <span class=\"mailpoet_required\" aria-hidden=\"true\">*<\/span><\/label><input type=\"text\" autocomplete=\"family-name\" class=\"mailpoet_text\" id=\"form_last_name_1\" name=\"data[form_field_YWNjMGNjMGU1OWVjX2xhc3RfbmFtZQ==]\" title=\"Nachname\" value=\"\" data-automation-id=\"form_last_name\" data-parsley-errors-container=\".mailpoet_error_c8fcf\" data-parsley-names='[&quot;Bitte gib einen g\u00fcltigen Namen an.&quot;,&quot;Adressen in Namen sind nicht erlaubt, bitte f\u00fcge stattdessen deinen Namen hinzu.&quot;]' data-parsley-required=\"true\" required aria-required=\"true\" data-parsley-required-message=\"Dieses Feld wird ben\u00f6tigt.\"\/><span class=\"mailpoet_error_c8fcf\"><\/span><\/div>\n<div class='mailpoet_spacer' style='height: 1px;'><div class='mailpoet_divider' data-automation-id='form_divider' style='border-top-style: solid;border-top-width: 1px;border-top-color: black;height: 1px;width: 100%'><\/div><\/div>\n<div class=\"mailpoet_paragraph\"><label for=\"form_email_1\" class=\"mailpoet_text_label\"  data-automation-id=\"form_email_label\" >E-Mail <span class=\"mailpoet_required\" aria-hidden=\"true\">*<\/span><\/label><input type=\"email\" autocomplete=\"email\" class=\"mailpoet_text\" id=\"form_email_1\" name=\"data[form_field_NzMzNWE2NWJmN2YzX2VtYWls]\" title=\"E-Mail\" value=\"\" data-automation-id=\"form_email\" data-parsley-errors-container=\".mailpoet_error_me2qe\" data-parsley-required=\"true\" required aria-required=\"true\" data-parsley-minlength=\"6\" data-parsley-maxlength=\"150\" data-parsley-type-message=\"Dieser Wert sollte eine g\u00fcltige E-Mail-Adresse sein.\" data-parsley-required-message=\"Dieses Feld wird ben\u00f6tigt.\"\/><span class=\"mailpoet_error_me2qe\"><\/span><\/div>\n<div class='mailpoet_spacer' style='height: 1px;'><div class='mailpoet_divider' data-automation-id='form_divider' style='border-top-style: solid;border-top-width: 1px;border-top-color: black;height: 1px;width: 100%'><\/div><\/div>\n<div class=\"mailpoet_paragraph\"><input type=\"submit\" class=\"mailpoet_submit\" value=\"Abonnieren!\" data-automation-id=\"subscribe-submit-button\" style=\"border-color:transparent;\" \/><span class=\"mailpoet_form_loading\"><span class=\"mailpoet_bounce1\"><\/span><span class=\"mailpoet_bounce2\"><\/span><span class=\"mailpoet_bounce3\"><\/span><\/span><\/div>\n\n      <div class=\"mailpoet_message\">\n        <p class=\"mailpoet_validate_success\"\n                style=\"display:none;\"\n                >Pr\u00fcfe deinen Posteingang oder Spam-Ordner, um dein Abonnement zu best\u00e4tigen.\n        <\/p>\n        <p class=\"mailpoet_validate_error\"\n                style=\"display:none;\"\n                >        <\/p>\n      <\/div>\n    <\/form>\n\n      <\/div>\n\n  <\/code><\/p>\n\n\n<p>Sie k\u00f6nnen sich jederzeit wieder vom Newsletter abmelden. Ihre Daten werden daraufhin gel\u00f6scht und der E-Mail-Versand an Sie beendet.<br data-rich-text-line-break=\"true\">Sollten Sie Fragen dazu haben, stehen wir Ihnen gern per E-Mail (an <a href=\"mailto:newsletter@wirtschaftspost-online.de\" target=\"_blank\" rel=\"noreferrer noopener\" aria-label=\"newsletter@wirtschaftspost-online.de (\u00f6ffnet in neuem Tab)\">newsletter@wirtschaftspost-online.de<\/a>) zur Verf\u00fcgung.<\/p>","protected":false},"excerpt":{"rendered":"<p>Vielen Dank f\u00fcr Ihr Interesse an unserer WirtschaftsPost-online. Hier k\u00f6nnen Sie sich zu unserem Newsletter anmelden und erhalten so regelm\u00e4\u00dfig Mitteilungen zur neuen monatlichen Ausgabe und zu unseren sonstigen Informationsangeboten. Wenn \u2013 wie zu bef\u00fcrchten ist \u2013 eine Vielzahl unserer <a class=\"more-link\" href=\"https:\/\/wirtschaftspost-online.de\/?page_id=215\">[ . . . ]<\/a><\/p>\n","protected":false},"author":1,"featured_media":0,"parent":0,"menu_order":0,"comment_status":"closed","ping_status":"closed","template":"","meta":{"footnotes":""},"class_list":["post-215","page","type-page","status-publish","hentry"],"aioseo_notices":[],"_links":{"self":[{"href":"https:\/\/wirtschaftspost-online.de\/index.php?rest_route=\/wp\/v2\/pages\/215","targetHints":{"allow":["GET"]}}],"collection":[{"href":"https:\/\/wirtschaftspost-online.de\/index.php?rest_route=\/wp\/v2\/pages"}],"about":[{"href":"https:\/\/wirtschaftspost-online.de\/index.php?rest_route=\/wp\/v2\/types\/page"}],"author":[{"embeddable":true,"href":"https:\/\/wirtschaftspost-online.de\/index.php?rest_route=\/wp\/v2\/users\/1"}],"replies":[{"embeddable":true,"href":"https:\/\/wirtschaftspost-online.de\/index.php?rest_route=%2Fwp%2Fv2%2Fcomments&post=215"}],"version-history":[{"count":4,"href":"https:\/\/wirtschaftspost-online.de\/index.php?rest_route=\/wp\/v2\/pages\/215\/revisions"}],"predecessor-version":[{"id":471,"href":"https:\/\/wirtschaftspost-online.de\/index.php?rest_route=\/wp\/v2\/pages\/215\/revisions\/471"}],"wp:attachment":[{"href":"https:\/\/wirtschaftspost-online.de\/index.php?rest_route=%2Fwp%2Fv2%2Fmedia&parent=215"}],"curies":[{"name":"wp","href":"https:\/\/api.w.org\/{rel}","templated":true}]}}