{"id":2971,"date":"2022-01-14T10:54:22","date_gmt":"2022-01-14T09:54:22","guid":{"rendered":"https:\/\/wirtschaftspost-online.de\/?page_id=2971"},"modified":"2024-03-26T16:22:51","modified_gmt":"2024-03-26T15:22:51","slug":"archiv","status":"publish","type":"page","link":"https:\/\/wirtschaftspost-online.de\/?page_id=2971","title":{"rendered":"Die \u00e4lteren Ausgaben des Webpapers zum Durchbl\u00e4ttern"},"content":{"rendered":"\n<p class=\"has-black-color has-text-color has-normal-font-size\">Um Ihnen die M\u00f6glichkeit zu geben, auch fr\u00fchere Artikel noch einmal anzusehen, finden Sie unten die \u00e4lteren Ausgaben der<strong><em> Wirtschaftspost <\/em><\/strong>&#8211; sortiert nach Erscheinungsmonat und Jahr.  Denn sowohl ein R\u00fcckblick als auch ein Res\u00fcmee ist manchmal nicht verkehrt.<\/p>\n\n\n\n<hr class=\"wp-block-separator has-css-opacity\"\/>\n\n\n\n<p class=\"has-text-align-center has-black-color has-text-color has-normal-font-size\"><strong>Ausgaben 2023<\/strong><\/p>\n\n\n\n<ul class=\"has-black-color has-text-color wp-block-list\">\n<li><a href=\"https:\/\/wirtschaftspost-online.de\/?page_id=6739\" title=\"Ausgabe November 2023\">Ausgabe November 2023<\/a> &#8211; Bewegtes und Bewegendes &#8211; Radverkehrs- und Logistikkonzepte<\/li>\n\n\n\n<li><a href=\"https:\/\/wirtschaftspost-online.de\/?page_id=6737\" title=\"Ausgabe Mai 2023\">Ausgabe Mai 2023<\/a> &#8211; Neue Energien und Beteiligungen<\/li>\n\n\n\n<li><a href=\"https:\/\/wirtschaftspost-online.de\/?page_id=6735\" title=\"Ausgabe Februar 2023\">Ausgabe Februar 2023<\/a> &#8211; Veranstaltungen im Aufwind<\/li>\n<\/ul>\n\n\n\n<p class=\"has-text-align-center has-black-color has-text-color has-normal-font-size\"><strong>Ausgaben 2022<\/strong><\/p>\n\n\n\n<ul class=\"has-black-color has-text-color wp-block-list\">\n<li><a href=\"https:\/\/wirtschaftspost-online.de\/?page_id=6733\" title=\"Ausgabe Dezember 2022\">Ausgabe Dezember 2022<\/a> &#8211; Wirtschaft und Sport<\/li>\n\n\n\n<li><a href=\"https:\/\/wirtschaftspost-online.de\/?page_id=6731\" title=\"Ausgabe September 2022\">Ausgabe September 2022<\/a> &#8211; Ausbildungsmarkt 2022<\/li>\n\n\n\n<li><a href=\"https:\/\/wirtschaftspost-online.de\/?page_id=6729\" title=\"Ausgabe Juli 2022\">Ausgabe Juli 2022<\/a> &#8211; Frischer Wind bei Enercon<\/li>\n\n\n\n<li><a href=\"https:\/\/wirtschaftspost-online.de\/?page_id=3587\" title=\"Ausgabe Mai 2022\">Ausgabe Mai 2022<\/a> &#8211; Insolvenzentwicklung in Mitteldeutschland<\/li>\n\n\n\n<li><a href=\"https:\/\/wirtschaftspost-online.de\/?page_id=3581\" title=\"Ausgabe April 2022\">Ausgabe April 2022<\/a> &#8211; Messen und Veranstaltungen<\/li>\n\n\n\n<li><a href=\"https:\/\/wirtschaftspost-online.de\/?page_id=3361\" title=\"Ausgabe 1 \/ 2022\">Ausgabe Februar 2022<\/a> &#8211; Digitalisierung und Onlinehandel<\/li>\n<\/ul>\n\n\n\n<hr class=\"wp-block-separator has-css-opacity\"\/>\n\n\n\n<figure class=\"wp-block-image alignfull size-large\"><img loading=\"lazy\" decoding=\"async\" width=\"1024\" height=\"293\" src=\"https:\/\/wirtschaftspost-online.de\/wp-content\/uploads\/2022\/04\/archiv_1a-1024x293.jpg\" alt=\"\" class=\"wp-image-3333\" srcset=\"https:\/\/wirtschaftspost-online.de\/wp-content\/uploads\/2022\/04\/archiv_1a-1024x293.jpg 1024w, https:\/\/wirtschaftspost-online.de\/wp-content\/uploads\/2022\/04\/archiv_1a-300x86.jpg 300w, https:\/\/wirtschaftspost-online.de\/wp-content\/uploads\/2022\/04\/archiv_1a-768x220.jpg 768w, https:\/\/wirtschaftspost-online.de\/wp-content\/uploads\/2022\/04\/archiv_1a-650x186.jpg 650w, https:\/\/wirtschaftspost-online.de\/wp-content\/uploads\/2022\/04\/archiv_1a-1320x378.jpg 1320w, https:\/\/wirtschaftspost-online.de\/wp-content\/uploads\/2022\/04\/archiv_1a.jpg 1370w\" sizes=\"auto, (max-width: 1024px) 100vw, 1024px\" \/><\/figure>\n\n\n\n<p class=\"has-text-align-center has-black-color has-text-color has-normal-font-size\"><strong>Ausgaben 2021<\/strong><\/p>\n\n\n\n<ul class=\"has-black-color has-text-color wp-block-list\">\n<li><a href=\"https:\/\/wirtschaftspost-online.de\/?page_id=2974\">Dezember 2021<\/a> &#8211; Das vielseitige Erzgebirge<\/li>\n\n\n\n<li><a href=\"https:\/\/wirtschaftspost-online.de\/?page_id=2977\">Oktober 2021<\/a> &#8211; Innovatives aus Dresden<\/li>\n\n\n\n<li><a href=\"https:\/\/wirtschaftspost-online.de\/?page_id=2979\">September 2021<\/a> &#8211; Energie und Umwelt<\/li>\n\n\n\n<li><a href=\"https:\/\/wirtschaftspost-online.de\/?page_id=2981\">August 2021<\/a> &#8211; Beispiele zur Innenstadtbelebung<\/li>\n\n\n\n<li><a href=\"https:\/\/wirtschaftspost-online.de\/?page_id=2985\">Juni 2021<\/a> &#8211; Unternehmernetzwerk gegr\u00fcndet (Barleben)<\/li>\n\n\n\n<li><a href=\"https:\/\/wirtschaftspost-online.de\/?page_id=2988\">Mai 2021<\/a> &#8211; Wirtschaftsregion &#8222;Landkreis B\u00f6rde&#8220;<\/li>\n\n\n\n<li><a href=\"https:\/\/wirtschaftspost-online.de\/?page_id=2991\">M\u00e4rz 2021<\/a> &#8211; Tarifrunde Metall-Elektro 2021<\/li>\n\n\n\n<li><a href=\"https:\/\/wirtschaftspost-online.de\/?page_id=2994\">Februar 2021<\/a> &#8211; Metropolregion Mitteldeutschland<\/li>\n\n\n\n<li><a href=\"https:\/\/wirtschaftspost-online.de\/?page_id=2997\">Januar 2021<\/a> &#8211; Umstritten: Homeoffice in Zeiten der Krise <\/li>\n<\/ul>\n\n\n\n<hr class=\"wp-block-separator has-css-opacity\"\/>\n\n\n\n<figure class=\"wp-block-image alignfull size-large\"><img loading=\"lazy\" decoding=\"async\" width=\"1024\" height=\"293\" src=\"https:\/\/wirtschaftspost-online.de\/wp-content\/uploads\/2022\/04\/archiv_2a-1024x293.jpg\" alt=\"\" class=\"wp-image-3332\" srcset=\"https:\/\/wirtschaftspost-online.de\/wp-content\/uploads\/2022\/04\/archiv_2a-1024x293.jpg 1024w, https:\/\/wirtschaftspost-online.de\/wp-content\/uploads\/2022\/04\/archiv_2a-300x86.jpg 300w, https:\/\/wirtschaftspost-online.de\/wp-content\/uploads\/2022\/04\/archiv_2a-768x220.jpg 768w, https:\/\/wirtschaftspost-online.de\/wp-content\/uploads\/2022\/04\/archiv_2a-650x186.jpg 650w, https:\/\/wirtschaftspost-online.de\/wp-content\/uploads\/2022\/04\/archiv_2a-1320x378.jpg 1320w, https:\/\/wirtschaftspost-online.de\/wp-content\/uploads\/2022\/04\/archiv_2a.jpg 1370w\" sizes=\"auto, (max-width: 1024px) 100vw, 1024px\" \/><\/figure>\n\n\n\n<p class=\"has-text-align-center has-black-color has-text-color has-normal-font-size\"><strong>Ausgaben 2020<\/strong><\/p>\n\n\n\n<ul class=\"has-black-color has-text-color wp-block-list\">\n<li><a href=\"https:\/\/wirtschaftspost-online.de\/?page_id=3006\">Dezember 2020<\/a> &#8211; Digitalisierungsl\u00f6sungen<\/li>\n\n\n\n<li><a href=\"https:\/\/wirtschaftspost-online.de\/?page_id=3009\">Oktober 2020<\/a> &#8211; Pressmetaller in Hoym k\u00e4mpften entschlossen und erfolgreich<\/li>\n\n\n\n<li><a href=\"https:\/\/wirtschaftspost-online.de\/?page_id=3012\">September 2020<\/a> &#8211; Banken in der Krise an Ihrer Seite<\/li>\n\n\n\n<li><a href=\"https:\/\/wirtschaftspost-online.de\/?page_id=3015\">Mai 2020<\/a> &#8211; Ostdeutscher Sparkassenverband (OSV) und Sparkasse Magdeburg<\/li>\n\n\n\n<li><a href=\"https:\/\/wirtschaftspost-online.de\/?page_id=3018\">April 2020<\/a> &#8211; Wege aus der Krise<\/li>\n\n\n\n<li><a href=\"https:\/\/wirtschaftspost-online.de\/?page_id=3021\">M\u00e4rz 2020<\/a> &#8211; Business Network International (BNI) nun auch in Magdeburg<\/li>\n\n\n\n<li><a href=\"https:\/\/wirtschaftspost-online.de\/?page_id=3025\">Februar 2020<\/a> &#8211; Messen in Leipzig und Magdeburg<\/li>\n<\/ul>\n","protected":false},"excerpt":{"rendered":"<p>Um Ihnen die M\u00f6glichkeit zu geben, auch fr\u00fchere Artikel noch einmal anzusehen, finden Sie unten die \u00e4lteren Ausgaben der Wirtschaftspost &#8211; sortiert nach Erscheinungsmonat und Jahr. Denn sowohl ein R\u00fcckblick als auch ein Res\u00fcmee ist manchmal nicht verkehrt. Ausgaben 2023 <a class=\"more-link\" href=\"https:\/\/wirtschaftspost-online.de\/?page_id=2971\">[ . . . ]<\/a><\/p>\n","protected":false},"author":1,"featured_media":0,"parent":0,"menu_order":0,"comment_status":"closed","ping_status":"closed","template":"","meta":{"footnotes":""},"class_list":["post-2971","page","type-page","status-publish","hentry"],"aioseo_notices":[],"_links":{"self":[{"href":"https:\/\/wirtschaftspost-online.de\/index.php?rest_route=\/wp\/v2\/pages\/2971","targetHints":{"allow":["GET"]}}],"collection":[{"href":"https:\/\/wirtschaftspost-online.de\/index.php?rest_route=\/wp\/v2\/pages"}],"about":[{"href":"https:\/\/wirtschaftspost-online.de\/index.php?rest_route=\/wp\/v2\/types\/page"}],"author":[{"embeddable":true,"href":"https:\/\/wirtschaftspost-online.de\/index.php?rest_route=\/wp\/v2\/users\/1"}],"replies":[{"embeddable":true,"href":"https:\/\/wirtschaftspost-online.de\/index.php?rest_route=%2Fwp%2Fv2%2Fcomments&post=2971"}],"version-history":[{"count":39,"href":"https:\/\/wirtschaftspost-online.de\/index.php?rest_route=\/wp\/v2\/pages\/2971\/revisions"}],"predecessor-version":[{"id":6748,"href":"https:\/\/wirtschaftspost-online.de\/index.php?rest_route=\/wp\/v2\/pages\/2971\/revisions\/6748"}],"wp:attachment":[{"href":"https:\/\/wirtschaftspost-online.de\/index.php?rest_route=%2Fwp%2Fv2%2Fmedia&parent=2971"}],"curies":[{"name":"wp","href":"https:\/\/api.w.org\/{rel}","templated":true}]}}