{"id":3277,"date":"2022-04-12T16:45:36","date_gmt":"2022-04-12T14:45:36","guid":{"rendered":"https:\/\/wirtschaftspost-online.de\/?page_id=3277"},"modified":"2024-04-22T18:18:55","modified_gmt":"2024-04-22T16:18:55","slug":"aktuelle-ausgabe-der-wirtschaftspost-fuer-mitteldeutschland","status":"publish","type":"page","link":"https:\/\/wirtschaftspost-online.de\/?page_id=3277","title":{"rendered":"Aktuelle Ausgabe der Wirtschaftspost f\u00fcr Mitteldeutschland"},"content":{"rendered":"\n<p class=\"has-black-color has-text-color\">Liebe Leserinnen und Leser der Wirtschaftspost,<\/p>\n\n\n<div class=\"wp-block-image\">\n<figure class=\"alignright size-medium\"><img loading=\"lazy\" decoding=\"async\" width=\"212\" height=\"300\" src=\"https:\/\/wirtschaftspost-online.de\/wp-content\/uploads\/2024\/04\/WiPo_0424-212x300.jpg\" alt=\"\" class=\"wp-image-6813\" srcset=\"https:\/\/wirtschaftspost-online.de\/wp-content\/uploads\/2024\/04\/WiPo_0424-212x300.jpg 212w, https:\/\/wirtschaftspost-online.de\/wp-content\/uploads\/2024\/04\/WiPo_0424-300x424.jpg 300w, https:\/\/wirtschaftspost-online.de\/wp-content\/uploads\/2024\/04\/WiPo_0424.jpg 500w\" sizes=\"auto, (max-width: 212px) 100vw, 212px\" \/><\/figure><\/div>\n\n\n<p class=\"has-black-color has-text-color\">In der aktuellen Ausgabe haben wir uns mit Dienstleistungs-Firmen unterhalten. Viele Dienstleister k\u00e4mpfen &#8211; wie alle Unternehmen &#8211; um jeden Auftrag und oftmals gegen B\u00fcrokratie \u2013 ganz abgesehen von steigenden finanziellen Belastungen f\u00fcr Personal, Rohstoffe und Energie. Sie konzentrieren sich auf ihr Kerngesch\u00e4ft und unternehmen viele Anstrengungen, dass die Kunden den Dienstleistungsanspruch erkennen, w\u00fcrdigen und den steigenden Preisen mit entsprechender Akzeptanz begegnen.<\/p>\n\n\n\n<p class=\"has-black-color has-text-color\">Wir w\u00fcnschen Ihnen viel Spa\u00df beim Lesen.<br>Ihr Freimut Hengst, <br>Herausgeber der Wirtschaftspost.<\/p>\n\n\n\n<p class=\"has-text-align-center has-black-color has-text-color has-background\" style=\"background-color:#eddec4;font-size:20px\"><a href=\"https:\/\/wirtschaftspost-online.de\/?page_id=207\"><strong>Die aktuelle Ausgabe als Web-PDF finden Sie hier<\/strong><\/a><\/p>\n\n\n\n<hr class=\"wp-block-separator has-css-opacity\"\/>\n\n\n\n<p class=\"has-black-color has-text-color\" style=\"font-size:20px\"><strong>Inhalt der aktuellen Ausgabe:<\/strong><\/p>\n\n\n\n<ul class=\"has-black-color has-text-color has-link-color wp-block-list wp-elements-1b2582b3c6c70299b2ee0929ce1e5812\">\n<li>Leipziger Messe: wichtiger Treffpunkt f\u00fcr Handwerk, Dienstleister und Politik<\/li>\n\n\n\n<li>O-T\u00f6ne von zwei Ausstellern der mitteldeutschen handwerksmesse<\/li>\n\n\n\n<li>Dienstleistung im Kfz-Gewerbe<\/li>\n\n\n\n<li>B\u00fcrgerbeteiligung und Stadtteilmanagement unter dem Dienstleistungsaspekt<\/li>\n\n\n\n<li>Sch\u00fcler-Institut SITI e.V. als Bildungsdienstleister f\u00fcr die n\u00e4chste Generation<\/li>\n\n\n\n<li>Der Dienstleistungsaspekt in der Fachkr\u00e4ftesicherung: DIEPA und KREATIVPLANTAGE<\/li>\n\n\n\n<li>Marius Lauer: E-SPORT-Firmen Liga als Personalmarketinginstrument<\/li>\n\n\n\n<li>M\u00f6gliche Meinungen \u00fcber das Aktienmodell der Ampelregierung zur Rentenrettung<\/li>\n\n\n\n<li>Dienstleistungsangebote der Handels- und Handwerkskammern kritisch betrachtet<\/li>\n<\/ul>\n","protected":false},"excerpt":{"rendered":"<p>Liebe Leserinnen und Leser der Wirtschaftspost, In der aktuellen Ausgabe haben wir uns mit Dienstleistungs-Firmen unterhalten. Viele Dienstleister k\u00e4mpfen &#8211; wie alle Unternehmen &#8211; um jeden Auftrag und oftmals gegen B\u00fcrokratie \u2013 ganz abgesehen von steigenden finanziellen Belastungen f\u00fcr Personal, <a class=\"more-link\" href=\"https:\/\/wirtschaftspost-online.de\/?page_id=3277\">[ . . . ]<\/a><\/p>\n","protected":false},"author":1,"featured_media":0,"parent":0,"menu_order":0,"comment_status":"closed","ping_status":"closed","template":"","meta":{"footnotes":""},"class_list":["post-3277","page","type-page","status-publish","hentry"],"aioseo_notices":[],"_links":{"self":[{"href":"https:\/\/wirtschaftspost-online.de\/index.php?rest_route=\/wp\/v2\/pages\/3277","targetHints":{"allow":["GET"]}}],"collection":[{"href":"https:\/\/wirtschaftspost-online.de\/index.php?rest_route=\/wp\/v2\/pages"}],"about":[{"href":"https:\/\/wirtschaftspost-online.de\/index.php?rest_route=\/wp\/v2\/types\/page"}],"author":[{"embeddable":true,"href":"https:\/\/wirtschaftspost-online.de\/index.php?rest_route=\/wp\/v2\/users\/1"}],"replies":[{"embeddable":true,"href":"https:\/\/wirtschaftspost-online.de\/index.php?rest_route=%2Fwp%2Fv2%2Fcomments&post=3277"}],"version-history":[{"count":27,"href":"https:\/\/wirtschaftspost-online.de\/index.php?rest_route=\/wp\/v2\/pages\/3277\/revisions"}],"predecessor-version":[{"id":6814,"href":"https:\/\/wirtschaftspost-online.de\/index.php?rest_route=\/wp\/v2\/pages\/3277\/revisions\/6814"}],"wp:attachment":[{"href":"https:\/\/wirtschaftspost-online.de\/index.php?rest_route=%2Fwp%2Fv2%2Fmedia&parent=3277"}],"curies":[{"name":"wp","href":"https:\/\/api.w.org\/{rel}","templated":true}]}}