{"id":4976,"date":"2023-07-10T10:17:29","date_gmt":"2023-07-10T08:17:29","guid":{"rendered":"https:\/\/wirtschaftspost-online.de\/?page_id=4976"},"modified":"2023-08-27T13:38:54","modified_gmt":"2023-08-27T11:38:54","slug":"ihr-event-im-rueckspiegel-ein-24h-service-ihres-onlinemagazins-wirtschaftspost","status":"publish","type":"page","link":"https:\/\/wirtschaftspost-online.de\/?page_id=4976","title":{"rendered":"Ihr Event im R\u00fcckblick"},"content":{"rendered":"\n<h2 class=\"wp-block-heading\">Ein Angebot Ihres Onlinemagazins WIRTSCHAFTSPOST<\/h2>\n\n\n\n<p><strong>Seit dem Start unserer WIPO-SOMMERTOUR am 24. Juni stehen in unserer <a href=\"https:\/\/wirtschaftspost-online.de\/?page_id=87\" title=\"NEWSBOX\">NEWSBOX<\/a> bereits einige Berichte von spannenden Events.<\/strong><\/p>\n\n\n\n<p>Bei der Suche nach Terminen und Informationen fiel uns wieder auf, was wir bereits in der Vergangenheit \u00f6fter feststellten: Veranstalter stecken viel Energie in die Planung, Organisation und Durchf\u00fchrung ihres Events und sind dann nach ihrer Veranstaltung ersch\u00f6pft und mit ihren personellen Ressourcen am Ende. Bis die Veranstaltung dann in die Form einer r\u00fcckblickenden Pressemitteilung gegossen sind, vergehen oft mehrere Tage oder es wird es wird aus Zeitmangel schlicht nichts gemacht.<\/p>\n\n\n\n<div style=\"height:5px\" aria-hidden=\"true\" class=\"wp-block-spacer\"><\/div>\n\n\n\n<h2 class=\"wp-block-heading\">Buchen Sie unseren 24 h-Service &#8222;EVENTR\u00dcCKSPIEGEL&#8220;!<\/h2>\n\n\n\n<p><strong>Ihre WIRTSCHAFTSPOST bietet Ihnen die L\u00f6sung f\u00fcr dieses Problem!<\/strong><\/p>\n\n\n\n<p>Bitte versorgen Sie uns schon vor, w\u00e4hrend oder unmittelbar nach Ihrem Event mit Rohdaten (die wichtigsten Informationen in Text und Fotos) <em>oder<\/em> laden Sie uns ein. Wir erstellen Ihnen dann innerhalb von 24 Stunden eine Pr\u00e4sentation Ihrer Veranstaltung auf unserer Webseite. Auf diese k\u00f6nnen Sie dann verlinken, Ihre Partner und Kunden oder die Medien aufmerksam machen.<\/p>\n\n\n\n<p>Bitte springen Sie rechtzeitig auf den l\u00e4ngst rollenden Zug unserer WIPO-SOMMERTOUR auf.<br>Gern unterbreiten wir Ihnen ein individuelles Angebot zur Dokumentation Ihrer Veranstaltung.<\/p>\n\n\n\n<figure class=\"wp-block-image size-full\"><img loading=\"lazy\" decoding=\"async\" width=\"600\" height=\"189\" src=\"https:\/\/wirtschaftspost-online.de\/wp-content\/uploads\/2023\/07\/banner-sommertour-klein.png\" alt=\"\" class=\"wp-image-4951\" srcset=\"https:\/\/wirtschaftspost-online.de\/wp-content\/uploads\/2023\/07\/banner-sommertour-klein.png 600w, https:\/\/wirtschaftspost-online.de\/wp-content\/uploads\/2023\/07\/banner-sommertour-klein-300x95.png 300w\" sizes=\"auto, (max-width: 600px) 100vw, 600px\" \/><\/figure>\n\n\n\n<p>Freimut Hengst<br><\/p>\n\n\n\n<ol class=\"wp-block-list\" type=\"1\" start=\"1\">\n<li>Agentur f\u00fcr Journalismus, Internet &amp; Marketing<\/li>\n<\/ol>\n\n\n\n<p>Herausgeber des Onlinemagazins WIRTSCHAFTSPOST<\/p>\n\n\n\n<p>Marketingpartner f\u00fcr Magdeburger IHK-Zeitschrift und andere IHK-Magazine<\/p>\n\n\n\n<p>Hugo-Junkers-Allee 38<br>39128 Magdeburg<\/p>\n\n\n\n<p>Tel.: 0391-5 56 41 15<br>Funk: 0179-1 20 17 99<br>E-Mail:&nbsp;&nbsp;&nbsp;&nbsp; <a href=\"mailto:freimut.hengst@1ajim.de\">freimut.hengst@1ajim.de<\/a><\/p>\n\n\n\n<p>Internet: <a href=\"http:\/\/www.1ajim.de\/\">www.1ajim.de<\/a>&nbsp;&nbsp;&nbsp;&nbsp;&nbsp;&nbsp;&nbsp; <br><a href=\"http:\/\/www.wirtschaftspost-online.de\/\">www.wirtschaftspost-online.de<\/a>&nbsp;&nbsp;&nbsp;&nbsp;&nbsp;<\/p>\n","protected":false},"excerpt":{"rendered":"<p>Ein Angebot Ihres Onlinemagazins WIRTSCHAFTSPOST Seit dem Start unserer WIPO-SOMMERTOUR am 24. Juni stehen in unserer NEWSBOX bereits einige Berichte von spannenden Events. Bei der Suche nach Terminen und Informationen fiel uns wieder auf, was wir bereits in der Vergangenheit <a class=\"more-link\" href=\"https:\/\/wirtschaftspost-online.de\/?page_id=4976\">[ . . . ]<\/a><\/p>\n","protected":false},"author":4,"featured_media":4988,"parent":0,"menu_order":0,"comment_status":"closed","ping_status":"closed","template":"","meta":{"footnotes":""},"class_list":["post-4976","page","type-page","status-publish","has-post-thumbnail","hentry"],"aioseo_notices":[],"_links":{"self":[{"href":"https:\/\/wirtschaftspost-online.de\/index.php?rest_route=\/wp\/v2\/pages\/4976","targetHints":{"allow":["GET"]}}],"collection":[{"href":"https:\/\/wirtschaftspost-online.de\/index.php?rest_route=\/wp\/v2\/pages"}],"about":[{"href":"https:\/\/wirtschaftspost-online.de\/index.php?rest_route=\/wp\/v2\/types\/page"}],"author":[{"embeddable":true,"href":"https:\/\/wirtschaftspost-online.de\/index.php?rest_route=\/wp\/v2\/users\/4"}],"replies":[{"embeddable":true,"href":"https:\/\/wirtschaftspost-online.de\/index.php?rest_route=%2Fwp%2Fv2%2Fcomments&post=4976"}],"version-history":[{"count":8,"href":"https:\/\/wirtschaftspost-online.de\/index.php?rest_route=\/wp\/v2\/pages\/4976\/revisions"}],"predecessor-version":[{"id":5525,"href":"https:\/\/wirtschaftspost-online.de\/index.php?rest_route=\/wp\/v2\/pages\/4976\/revisions\/5525"}],"wp:featuredmedia":[{"embeddable":true,"href":"https:\/\/wirtschaftspost-online.de\/index.php?rest_route=\/wp\/v2\/media\/4988"}],"wp:attachment":[{"href":"https:\/\/wirtschaftspost-online.de\/index.php?rest_route=%2Fwp%2Fv2%2Fmedia&parent=4976"}],"curies":[{"name":"wp","href":"https:\/\/api.w.org\/{rel}","templated":true}]}}