{"id":6349,"date":"2024-02-10T07:20:38","date_gmt":"2024-02-10T06:20:38","guid":{"rendered":"https:\/\/wirtschaftspost-online.de\/?page_id=6349"},"modified":"2024-05-23T10:15:47","modified_gmt":"2024-05-23T08:15:47","slug":"interview-mit-marko-muehlstein-geschaeftsfuehrer-der-lena-landesenergieagentur-sachsen-anhalt","status":"publish","type":"page","link":"https:\/\/wirtschaftspost-online.de\/?page_id=6349","title":{"rendered":"Interview mit Marko M\u00fchlstein, Gesch\u00e4ftsf\u00fchrer der LENA \u2013 Landesenergieagentur Sachsen-Anhalt"},"content":{"rendered":"<div class=\"wp-block-image\">\n<figure class=\"alignright size-full is-resized\"><img loading=\"lazy\" decoding=\"async\" width=\"800\" height=\"597\" src=\"https:\/\/wirtschaftspost-online.de\/wp-content\/uploads\/2024\/02\/LENA-Logo.png\" alt=\"\" class=\"wp-image-6379\" style=\"width:179px;height:auto\" srcset=\"https:\/\/wirtschaftspost-online.de\/wp-content\/uploads\/2024\/02\/LENA-Logo.png 800w, https:\/\/wirtschaftspost-online.de\/wp-content\/uploads\/2024\/02\/LENA-Logo-300x224.png 300w, https:\/\/wirtschaftspost-online.de\/wp-content\/uploads\/2024\/02\/LENA-Logo-768x573.png 768w, https:\/\/wirtschaftspost-online.de\/wp-content\/uploads\/2024\/02\/LENA-Logo-650x485.png 650w, https:\/\/wirtschaftspost-online.de\/wp-content\/uploads\/2024\/02\/LENA-Logo-261x196.png 261w\" sizes=\"auto, (max-width: 800px) 100vw, 800px\" \/><\/figure><\/div>\n\n\n<p class=\"has-black-color has-text-color has-link-color wp-elements-b2f4396fa9f11c9f3edf3967f2358eaf\">Die  Landesenergieagentur Sachsen-Anhalt &#8222;LENA&#8220; beging im Jahr 2023 ihr 10-j\u00e4hriges Jubil\u00e4um. Nachfolgend aus dem WIPO-Archiv ein <strong>Interview mit Gesch\u00e4ftsf\u00fchrer Marko M\u00fchlstein<\/strong> aus dem Jahr 2021, das kaum an Aktualit\u00e4t verloren hat:<\/p>\n\n\n\n<div style=\"height:4px\" aria-hidden=\"true\" class=\"wp-block-spacer\"><\/div>\n\n\n<div class=\"wp-block-image\">\n<figure class=\"alignright size-medium\"><img loading=\"lazy\" decoding=\"async\" width=\"240\" height=\"300\" src=\"https:\/\/wirtschaftspost-online.de\/wp-content\/uploads\/2024\/02\/Marko-Muehlstein_0224-240x300.jpg\" alt=\"\" class=\"wp-image-6365\" style=\"object-fit:cover\" srcset=\"https:\/\/wirtschaftspost-online.de\/wp-content\/uploads\/2024\/02\/Marko-Muehlstein_0224-240x300.jpg 240w, https:\/\/wirtschaftspost-online.de\/wp-content\/uploads\/2024\/02\/Marko-Muehlstein_0224-818x1024.jpg 818w, https:\/\/wirtschaftspost-online.de\/wp-content\/uploads\/2024\/02\/Marko-Muehlstein_0224-768x962.jpg 768w, https:\/\/wirtschaftspost-online.de\/wp-content\/uploads\/2024\/02\/Marko-Muehlstein_0224-650x814.jpg 650w, https:\/\/wirtschaftspost-online.de\/wp-content\/uploads\/2024\/02\/Marko-Muehlstein_0224-300x376.jpg 300w, https:\/\/wirtschaftspost-online.de\/wp-content\/uploads\/2024\/02\/Marko-Muehlstein_0224.jpg 928w\" sizes=\"auto, (max-width: 240px) 100vw, 240px\" \/><\/figure><\/div>\n\n\n<p class=\"has-black-color has-text-color has-link-color wp-elements-681f38322be02b18ae137a10d0fb790d\"><strong>WIRTSCHAFTSPOST: <\/strong><br><strong>Die Landesenergieagentur LENA feiert im kommenden Jahr ihr zehnj\u00e4hriges Gr\u00fcndungsjubil\u00e4um. Was konnten Sie mit der LENA in den vergangenen Jahren erreichen?<\/strong><\/p>\n\n\n\n<p class=\"has-black-color has-text-color has-link-color wp-elements-cb68ca12dc4d63671b2992c10d1e030f\"><strong>Marko M\u00fchlstein:<\/strong> Gemeinsam mit der Landesverwaltung und zahlreichen Kooperationspartnern haben wir die LENA zu einem produkt- und anbieterneutralen Dienstleister f\u00fcr Kommunen, die Wirtschaft und private Verbraucherinnen und Verbraucher entwickelt. Dabei stehen wir im engen Austausch mit unseren Kollegen in anderen Bundesl\u00e4ndern und erhielten gemeinsam sogar bundesweite Preise. Das macht das Team stolz, aber nicht selbstzufrieden. Schlie\u00dflich kennen wir die Herausforderungen und die Bedarfe.<\/p>\n\n\n\n<p class=\"has-black-color has-text-color has-link-color wp-elements-2f48c55075992e1e79ad6f964671db1b\"><strong>Welche politischen Ver\u00e4nderungen und Auswirkungen f\u00fcr Ihre Arbeit erwarten Sie mit der Regierungsumbildung in Sachsen-Anhalt?<\/strong><br>Die gro\u00dfen Herausforderungen der Transformation des Energiesystems und des Klimaschutzes bleiben uns ja erhalten. Die Themen Energie und Klimaschutz mit Wissenschaft und Forschung zusammenzubinden stimmt mich sehr hoffnungsfroh. Schlie\u00dflich sind es zwei Zukunftsthemen, f\u00fcr die Innovationen unabdingbar sind.<\/p>\n\n\n\n<p class=\"has-black-color has-text-color has-link-color wp-elements-1cf971150e12c15c561255e140013c0d\"><strong>Sie unterst\u00fctzen Kommunen, Wirtschaft und Verbraucher. Gibt es hier eine Rangfolge oder Priorit\u00e4tensetzung?<\/strong><br>Klares Nein. Unsere entsprechenden Fachbereiche sind personell in etwa gleich aufgestellt und haben eine Vielzahl von Angeboten f\u00fcr alle Kunden. Aber nicht alle unser Aktivit\u00e4ten sind \u00f6ffentlich, die intensive Beratung der Abwasserzweckverb\u00e4nde zur Steigerung der Energieeffizienz der zahlreichen Kl\u00e4ranlagen steht nicht in der Zeitung, die Verbraucherkampagne \u201eJetzt brandhei\u00df tauschen\u201c sieht man auf LED-W\u00e4nden oder h\u00f6rt sie auch im Radio.<\/p>\n\n\n\n<p class=\"has-black-color has-text-color has-link-color wp-elements-6865c73111ae7a80d67462d65d5f2cae\"><br><strong>Was l\u00e4uft derzeit im Fachbereich Wirtschaft?<br><\/strong>Unsere Aktion \u201ebest practice\u201c l\u00e4uft gut, wir konnten bisher \u00fcber 200 reale Beispiele zur Steigerung der Energieeffizienz und zur Nutzung Erneuerbarer Energien von Unternehmen erfassen &#8211; sodass jede Branche und Unternehmensgr\u00f6\u00dfe f\u00fcr sich passende Anregungen finden kann. Wir kommunizieren diese Beispiele haupts\u00e4chlich in unserem Energieatlas aber auch gemeinsam mit Energieberatern, die f\u00fcr uns wichtige Kooperationspartner und Multiplikatoren sind. Hinter uns liegt ein erfolgreiches Werkstattgespr\u00e4ch mit Energieversorgern und der Wirtschaft zum Thema Lastflexibilisierung und Sektorenkopplung und wir haben einen neuen Verleihservice zur Erfassung von Leckagen bei Druckluftsystemen, der auf gro\u00dfes Interesse st\u00f6\u00dft. Die Aufstellung des Strukturentwicklungsprogramms Energie f\u00fcr das Mitteldeutsche Revier und der<br>Prozess zur Entwicklung der Wasserstoffstrategie sind weitere spannenden Projekte, an denen wir beteiligt waren.<\/p>\n\n\n\n<p class=\"has-black-color has-text-color has-link-color wp-elements-488445498669b1e852ec0fe1da6581e1\"><strong>Wo liegen Ihre Themenschwerpunkte f\u00fcr die n\u00e4chsten Monate und Jahre, gibt es schon neue Ideen, Aktionen und Kampagnen, von denen wir erfahren d\u00fcrfen?<\/strong><br>Beim Thema Wasserstoff k\u00f6nnen wir da gleich ankn\u00fcpfen. Die Umsetzung der vorliegenden<br>Wasserstoffstrategie wird eine wichtige Herausforderung. Hier soll die LENA im Auftrag der<br>Landesregierung eine Koordinierungsstelle f\u00fcr das ganze Land und alle Akteure aufbauen. Vor uns steht eine Sanierungswelle der \u00fcber 550.000 meist veralteten W\u00e4rmeerzeugungsanlagen im Land. Au\u00dferdem wird das Klima- und Energiekonzept (KEK) entsprechend der Vorgaben aus dem Entwurf des Koalitionsvertrages fortgeschrieben werden m\u00fcssen. Hierf\u00fcr leisten wir gern unseren Beitrag. Unsere Angebote werden permanent weiterentwickelt und angepasst, so wie aktuell z.B. die neueste Auflage der Bauherrenmappe Sachsen-Anhalt oder auch neue Onlineangebote zum Thema Mieterstrom. <br>Im Jahr 2022 werden die ersten sachsen-anhaltischen Kommunen mit dem Zertifikat des Kommunalen Energiemanagementsystems (Kom.EMS) ausgezeichnet. Unser Motto bleibt dabei immer: \u201eWIR MACHEN ENERGIEGEWINNER\u201c.<\/p>\n\n\n\n<div style=\"height:21px\" aria-hidden=\"true\" class=\"wp-block-spacer\"><\/div>\n\n\n\n<p class=\"has-black-color has-text-color has-link-color wp-elements-46dc4bb7a4628c79faffa0a3603c93f0\">Zum aktuellen Beitrag &#8222;<a href=\"https:\/\/wirtschaftspost-online.de\/?p=6340\">Landesenergieagentur Sachsen-Anhalt zum Thema \u201cEnergieeffizienz und Wirtschaftlichkeit in Unternehmen<\/a>&#8222;<\/p>\n\n\n\n<p class=\"has-black-color has-text-color has-link-color wp-elements-9a5346d13a5851be77a4647d514db8f0\"><strong><a href=\"https:\/\/wirtschaftspost-online.de\/?page_id=6354\" title=\"Link zur WIPO-Partnerseite der LENA\"><strong><em><a href=\"https:\/\/wirtschaftspost-online.de\/?page_id=6354\" title=\"\">Link auf den WIPO-Branchenblog ENERGIE UND UMWEL<\/a><\/em><\/strong>T<\/a><\/strong><\/p>\n","protected":false},"excerpt":{"rendered":"<p>Die Landesenergieagentur Sachsen-Anhalt &#8222;LENA&#8220; beging im Jahr 2023 ihr 10-j\u00e4hriges Jubil\u00e4um. Nachfolgend aus dem WIPO-Archiv ein Interview mit Gesch\u00e4ftsf\u00fchrer Marko M\u00fchlstein aus dem Jahr 2021, das kaum an Aktualit\u00e4t verloren hat: WIRTSCHAFTSPOST: Die Landesenergieagentur LENA feiert im kommenden Jahr ihr <a class=\"more-link\" href=\"https:\/\/wirtschaftspost-online.de\/?page_id=6349\">[ . . . ]<\/a><\/p>\n","protected":false},"author":4,"featured_media":0,"parent":0,"menu_order":0,"comment_status":"closed","ping_status":"closed","template":"","meta":{"footnotes":""},"class_list":["post-6349","page","type-page","status-publish","hentry"],"aioseo_notices":[],"_links":{"self":[{"href":"https:\/\/wirtschaftspost-online.de\/index.php?rest_route=\/wp\/v2\/pages\/6349","targetHints":{"allow":["GET"]}}],"collection":[{"href":"https:\/\/wirtschaftspost-online.de\/index.php?rest_route=\/wp\/v2\/pages"}],"about":[{"href":"https:\/\/wirtschaftspost-online.de\/index.php?rest_route=\/wp\/v2\/types\/page"}],"author":[{"embeddable":true,"href":"https:\/\/wirtschaftspost-online.de\/index.php?rest_route=\/wp\/v2\/users\/4"}],"replies":[{"embeddable":true,"href":"https:\/\/wirtschaftspost-online.de\/index.php?rest_route=%2Fwp%2Fv2%2Fcomments&post=6349"}],"version-history":[{"count":8,"href":"https:\/\/wirtschaftspost-online.de\/index.php?rest_route=\/wp\/v2\/pages\/6349\/revisions"}],"predecessor-version":[{"id":7040,"href":"https:\/\/wirtschaftspost-online.de\/index.php?rest_route=\/wp\/v2\/pages\/6349\/revisions\/7040"}],"wp:attachment":[{"href":"https:\/\/wirtschaftspost-online.de\/index.php?rest_route=%2Fwp%2Fv2%2Fmedia&parent=6349"}],"curies":[{"name":"wp","href":"https:\/\/api.w.org\/{rel}","templated":true}]}}