{"id":70,"date":"2020-02-19T22:27:22","date_gmt":"2020-02-19T21:27:22","guid":{"rendered":"http:\/\/wirtschaftspost-online.de\/wipo\/?page_id=70"},"modified":"2023-12-22T09:26:38","modified_gmt":"2023-12-22T08:26:38","slug":"ihre-wirtschaftspost","status":"publish","type":"page","link":"https:\/\/wirtschaftspost-online.de\/?page_id=70","title":{"rendered":"Mediadaten und Informationen"},"content":{"rendered":"\n<p class=\"has-black-color has-text-color has-link-color wp-elements-5b4a7d2f0efd33ef15d568eb4d853df5\">Liebe Leserinnen und Leser der Wirtschaftspost,<\/p>\n\n\n<div class=\"wp-block-image\">\n<figure class=\"alignright size-thumbnail\"><img loading=\"lazy\" decoding=\"async\" width=\"150\" height=\"150\" src=\"https:\/\/wirtschaftspost-online.de\/wp-content\/uploads\/2020\/03\/FHengst2-150x150.jpg\" alt=\"\" class=\"wp-image-225\" style=\"object-fit:cover\" srcset=\"https:\/\/wirtschaftspost-online.de\/wp-content\/uploads\/2020\/03\/FHengst2-150x150.jpg 150w, https:\/\/wirtschaftspost-online.de\/wp-content\/uploads\/2020\/03\/FHengst2-100x100.jpg 100w, https:\/\/wirtschaftspost-online.de\/wp-content\/uploads\/2020\/03\/FHengst2.jpg 299w\" sizes=\"auto, (max-width: 150px) 100vw, 150px\" \/><\/figure><\/div>\n\n\n<p class=\"has-black-color has-text-color has-link-color wp-elements-2420781a3d1549327a7575d4e9283b28\">seit wir wissen, dass einige IHK&#8217;s in Mitteldeutschland die M\u00f6glichkeit einer Anzeigenwerbung in ihren Zeitschriften stark eingeschr\u00e4nkt haben, bieten wir den Unternehmen hier auf unseren Seiten gern mehr als nur eine statische Printwerbung.<br>Denn unsere Wirtschaftspost als B2B-Internetplattform f\u00fcr Mitteldeutschland mit<\/p>\n\n\n\n<ul class=\"has-black-color has-text-color has-link-color wp-block-list wp-elements-39dcb0f1c64239f7c1b01263b71233a0\">\n<li><strong>Online-Magazin<\/strong> im PDF-Format (Webpaper)<\/li>\n\n\n\n<li><a href=\"https:\/\/wirtschaftspost-online.de\/?page_id=87\"><strong><em>News<\/em>Box<\/strong><\/a> f\u00fcr tagaktuelle Meldungen aus der Wirtschaft<\/li>\n\n\n\n<li><a href=\"https:\/\/wirtschaftspost-online.de\/?page_id=713\"><strong><em>Interview<\/em>Box<\/strong><\/a> f\u00fcr Ihr Gespr\u00e4ch mit uns<\/li>\n\n\n\n<li><a href=\"https:\/\/wirtschaftspost-online.de\/?page_id=18\"><strong><em>Termin<\/em>Box<\/strong><\/a> zur Vorank\u00fcndigung wichtiger Veranstaltungen, Messeteilnahmen usw.<\/li>\n\n\n\n<li><a href=\"https:\/\/wirtschaftspost-online.de\/?page_id=166\"><strong><em>Video<\/em>Box<\/strong><\/a> f\u00fcr Ihre bewegten Bilder (Videoproduktion auf Anfrage)<\/li>\n\n\n\n<li><a href=\"https:\/\/wirtschaftspost-online.de\/?page_id=215\"><strong><em>News<\/em>Letter<\/strong><\/a> zu jeder Ausgabe<\/li>\n<\/ul>\n\n\n\n<p class=\"has-black-color has-text-color has-link-color wp-elements-e4ac4890cf1fb01deb2585f35bedc74b\">bietet Ihnen die M\u00f6glichkeit, unsere Leser variantenreich anzusprechen.<\/p>\n\n\n\n<p class=\"has-black-color has-text-color has-link-color wp-elements-0b96399d7929c90aedc405dbdeeaa686\">Unsere Interaktivit\u00e4t ist auch dadurch gewachsen, dass wir ab sofort Links aus Ihrem Beitrag oder von Ihrer Anzeigenwerbung in unserem Magazin auf Ihre Internetseiten setzen k\u00f6nnen. Nutzen Sie diese Funktionen und entscheiden Sie sich f\u00fcr unsere Wirtschaftspost als Ihr Kommunikationsmedium.<\/p>\n\n\n\n<p class=\"has-black-color has-text-color has-link-color wp-elements-090548c5157ebd0e7110a11c66c7f224\"><strong>Sollten wir Ihr Interesse geweckt haben &#8211; sprechen Sie uns an. Wir freuen uns auf Sie!<\/strong><\/p>\n\n\n\n<p class=\"has-black-color has-text-color has-link-color wp-elements-00c319841e528172fcdd627b4f42ac13\">Wir w\u00fcnschen Ihnen Gesundheit und Frieden.<br>Ihr Freimut Hengst, <br>Herausgeber der Wirtschaftspost.<\/p>\n\n\n\n<hr class=\"wp-block-separator has-css-opacity\"\/>\n\n\n\n<h3 class=\"wp-block-heading has-black-color has-text-color has-link-color wp-elements-1ad51cddf1cedb7aa48b3799e3d7762c\"><strong>Mediadaten und Preise<\/strong><\/h3>\n\n\n\n<p class=\"has-black-color has-text-color has-link-color wp-elements-b55a81f51e9a6b80d67c29fec75c3efa\">Mit transparenten und angemessenen Preisen als \u00c4quivalent f\u00fcr unseren Aufwand schonen wir Ihr Werbebudget und ver\u00f6ffentlichen Ihre Botschaften zielgruppensicher. <strong>Gerne beraten wir Sie kostenfrei und unverbindlich<\/strong> \u00fcber Ihre M\u00f6glichkeiten bei der <strong>Wirtschaftspost<\/strong>.<\/p>\n\n\n<div class=\"wp-block-image\">\n<figure class=\"alignleft\"><a href=\"https:\/\/wirtschaftspost-online.de\/wp-content\/uploads\/2023\/12\/WiPo_Media_24.pdf\" target=\"_blank\" rel=\"noreferrer noopener\"><img loading=\"lazy\" decoding=\"async\" width=\"32\" height=\"32\" src=\"https:\/\/wirtschaftspost-online.de\/wp-content\/uploads\/2020\/04\/pdf-Kopie.png\" alt=\"\" class=\"wp-image-662\"\/><\/a><\/figure><\/div>\n\n\n<p class=\"has-black-color has-text-color has-link-color wp-elements-dc0232172f1957d3baf0486c275e34fb\"><a href=\"https:\/\/wirtschaftspost-online.de\/wp-content\/uploads\/2023\/12\/WiPo_Media_24.pdf\" target=\"_blank\" rel=\"noopener\" title=\"\"><strong>Hier k\u00f6nnen Sie sich unsere Mediadaten als PDF-Datei herunterladen.<\/strong><\/a><em> (Stand 12.2023)<\/em><br>(<a href=\"https:\/\/wirtschaftspost-online.de\/wp-content\/uploads\/2023\/12\/WiPo_Media_24_A4.pdf\" target=\"_blank\" rel=\"noopener\" title=\"\"><strong>Mediadaten im DIN A4-Format zum Ausdrucken<\/strong><\/a><em>)<\/em><\/p>\n\n\n\n<figure class=\"wp-block-table is-style-stripes\"><table class=\"has-black-color has-text-color has-link-color\"><tbody><tr><td>1\/4 Seite A4<\/td><td>(BxH) 185 mm x 62 mm<\/td><td>130,- \u20ac .<\/td><\/tr><tr><td>1\/2 Seite A4 <\/td><td>(BxH) 185 mm x 128 mm<\/td><td>200,- \u20ac <\/td><\/tr><tr><td>1 Seite A4 <\/td><td>(BxH) 185 mm x 260 mm<\/td><td>390,- \u20ac <\/td><\/tr><tr><td>1 Doppelseite A4<br>(Panoramaseite)<\/td><td>(BxH) 395 mm x 260 mm<\/td><td>590,- \u20ac <br><\/td><\/tr><\/tbody><\/table><\/figure>\n\n\n\n<p class=\"has-black-color has-text-color has-link-color wp-elements-6f6e6dc6f9af90000119cd3eb84f2965\">Rabatte: <br>ab 3 Ausgaben = 10 %  \u2022  ab 6 Ausgaben = 20 %  \u2022  ab 10 Ausgaben = 30 %<br><br>journalistischer Einsatz bei Ihnen vor Ort kostet 220,- \u20ac <br>grafische Leistungen, Anzeigengestaltungen je Systemstunde 95,- \u20ac<br>Newsletter mit Ihren Informationen an unseren Verteiler 390,- \u20ac<\/p>\n\n\n\n<p class=\"has-black-color has-text-color has-link-color has-small-font-size wp-elements-d2fedde722d575feb54b1f1f302db522\"><em>alle Preise Nettopreise zzgl. gesetzlicher Mehrwertsteuer<\/em><\/p>\n\n\n\n<hr class=\"wp-block-separator has-css-opacity\"\/>\n\n\n\n<h3 class=\"wp-block-heading\">Die Idee<\/h3>\n\n\n\n<p class=\"has-black-color has-text-color has-link-color wp-elements-c492404ace34f0e13c31f07543fdbeaa\">Wirtschaftspost ist eine Kombination aus Newsletter und Webpaper. Wir ver\u00f6ffentlichen in unserem Webpaper interessante News unserer Kunden und verschicken zu jeder Neuerscheinung unseres Webpapers Newsletter mit den aktuellen Themen und einem Link auf unser Online-Magazin im Internet.<br>Unsere Wirtschaftspost ist so Ihre Chance, Ihre Wunschadressen mit anspruchsvollen Pressenews direkt zu erreichen, ohne auf das Wohlwollen der Redaktionen der bekannten Presselandschaft angewiesen zu sein. Auch Anzeigen k\u00f6nnen Sie im Rahmen Ihrer gebuchten Fl\u00e4che beliebig integrieren.<\/p>\n\n\n\n<h3 class=\"wp-block-heading has-black-color has-text-color has-link-color wp-elements-6de04488b44cd387417ab6c52e3cbf0e\">Das Konzept<\/h3>\n\n\n\n<p class=\"has-black-color has-text-color has-link-color wp-elements-7818f8a496f7bf4477ac7bfac3d74c06\">Bei uns ver\u00f6ffentlichen Sie regelm\u00e4\u00dfig oder nach Bedarf Ihre Pressetexte und -bilder im A4-Format \/ (Satzspiegel A4 = 185 mm breit x 260 mm hoch  \/  1\/2 Seite = 185 mm breit x 128 mm hoch).<\/p>\n\n\n\n<p class=\"has-black-color has-text-color has-link-color wp-elements-536362582bea4256326587ec8a4c2cc9\">Gern unterst\u00fctzen unsere erfahrenen Wirtschaftsjournalisten Ihre Arbeit und sind vor Ort, wenn es bei Ihnen spannende Anl\u00e4sse gibt, von denen die Welt erfahren soll. Auch bei der Gestaltung Ihrer Werbung sind wir Ihnen gern behilflich.<\/p>\n\n\n\n<p class=\"has-black-color has-text-color has-link-color wp-elements-1e97c84339b1f6991fbb6d0891dcd5d5\">Wirtschaftspost erschien im Februar 2014 erstmals. Seitdem ist der Verteiler unseres Newsletters st\u00e4ndig gewachsen.<br>Genau genommen haben Sie selbst Einfluss auf die Auflage und den Verteilerkreis, denn wir verschicken unseren Newsletter mit dem Hinweis auf Ihre Ver\u00f6ffentlichung an jede E-Mail-Adresse, die Sie uns benennen. Wir erreichen jeden Monat neue Adressaten, wer uns nicht abbestellt, bleibt im Verteiler.<\/p>\n\n\n\n<p class=\"has-black-color has-text-color has-link-color wp-elements-f9b6f81bdcebb4b607e2591051356fbf\"><strong>Das PDF-Webpaper<\/strong> der WIRTSCHAFTSPOST ist seit Dezember 2021 interaktiv und <strong>bietet direkte Links<\/strong> aus den redaktionellen Beitr\u00e4gen oder von den Anzeigen im Magazin auf die Internetseiten der WIRTSCHAFTSPOST-Partner.<\/p>\n","protected":false},"excerpt":{"rendered":"<p>Liebe Leserinnen und Leser der Wirtschaftspost, seit wir wissen, dass einige IHK&#8217;s in Mitteldeutschland die M\u00f6glichkeit einer Anzeigenwerbung in ihren Zeitschriften stark eingeschr\u00e4nkt haben, bieten wir den Unternehmen hier auf unseren Seiten gern mehr als nur eine statische Printwerbung.Denn unsere <a class=\"more-link\" href=\"https:\/\/wirtschaftspost-online.de\/?page_id=70\">[ . . . ]<\/a><\/p>\n","protected":false},"author":1,"featured_media":0,"parent":0,"menu_order":0,"comment_status":"closed","ping_status":"closed","template":"","meta":{"footnotes":""},"class_list":["post-70","page","type-page","status-publish","hentry"],"aioseo_notices":[],"_links":{"self":[{"href":"https:\/\/wirtschaftspost-online.de\/index.php?rest_route=\/wp\/v2\/pages\/70","targetHints":{"allow":["GET"]}}],"collection":[{"href":"https:\/\/wirtschaftspost-online.de\/index.php?rest_route=\/wp\/v2\/pages"}],"about":[{"href":"https:\/\/wirtschaftspost-online.de\/index.php?rest_route=\/wp\/v2\/types\/page"}],"author":[{"embeddable":true,"href":"https:\/\/wirtschaftspost-online.de\/index.php?rest_route=\/wp\/v2\/users\/1"}],"replies":[{"embeddable":true,"href":"https:\/\/wirtschaftspost-online.de\/index.php?rest_route=%2Fwp%2Fv2%2Fcomments&post=70"}],"version-history":[{"count":37,"href":"https:\/\/wirtschaftspost-online.de\/index.php?rest_route=\/wp\/v2\/pages\/70\/revisions"}],"predecessor-version":[{"id":6176,"href":"https:\/\/wirtschaftspost-online.de\/index.php?rest_route=\/wp\/v2\/pages\/70\/revisions\/6176"}],"wp:attachment":[{"href":"https:\/\/wirtschaftspost-online.de\/index.php?rest_route=%2Fwp%2Fv2%2Fmedia&parent=70"}],"curies":[{"name":"wp","href":"https:\/\/api.w.org\/{rel}","templated":true}]}}