{"id":824,"date":"2020-04-29T22:16:22","date_gmt":"2020-04-29T20:16:22","guid":{"rendered":"https:\/\/wirtschaftspost-online.de\/?page_id=824"},"modified":"2020-04-30T17:52:38","modified_gmt":"2020-04-30T15:52:38","slug":"interview-mit-dr-detlef-sporkenbach","status":"publish","type":"page","link":"https:\/\/wirtschaftspost-online.de\/?page_id=824","title":{"rendered":"Interview mit Dr. Detlef Sporkenbach"},"content":{"rendered":"\n<div class=\"wp-block-image\"><figure class=\"alignright size-large\"><img loading=\"lazy\" decoding=\"async\" width=\"200\" height=\"248\" src=\"https:\/\/wirtschaftspost-online.de\/wp-content\/uploads\/2020\/04\/sporkenbach-1.jpg\" alt=\"\" class=\"wp-image-945\"\/><\/figure><\/div>\n\n\n\n<p style=\"background-color:#265c15\" class=\"has-text-color has-background has-normal-font-size has-very-light-gray-color\">Dr. Detlef Sporkenbach, Gesch\u00e4ftsf\u00fchrer der <br>Dr. Sporkenbach Baukonzept GmbH: <strong>\u201eUnsere Kontakte zur Baustoffindustrie sind geblieben, sodass wir sehr nah am Markt sind.\u201c<\/strong><\/p>\n\n\n\n<p><a href=\"http:\/\/www.sporkenbach-baukonzept.de\" target=\"_blank\" rel=\"noreferrer noopener\">www.sporkenbach-baukonzept.de<\/a><\/p>\n\n\n\n<p style=\"color:#265c15\" class=\"has-text-color\"><em><strong>Sehr geehrter Herr Dr. Sporkenbach, als Sie vor etwa zehn Jahren im Rahmen meiner Interviewserie \u201eKrise, nein danke!\u201c meine Fragen beantwortet haben, waren Sie noch Inhaber des Dr. Sporkenbach Baufachmarktes in der Magdeburger Saalestra\u00dfe, den Sie vor nunmehr fast genau 30 Jahren gegr\u00fcndet hatten. In diesem Interview waren Sie sehr optimistisch, die Finanzkrise als gesundes Unternehmen gut zu \u00fcberstehen. Zum 1. Oktober 2019 wurde die Saint-Gobain Building Distribution Deutschland GmbH, an die Sie Ihr Magdeburger Traditionsunternehmen ver\u00e4u\u00dfert hatten, von der Stark Gruppe \u00fcbernommen, die sich im Internet als \u201eDie Nr. 1 im Baustoffhandel\u201c r\u00fchmt. Haben Sie die Entwicklung Ihres Baufachmarktes nach dem Verkauf weiterverfolgt und m\u00f6chten die aktuelle Lage dort kurz kommentieren?<\/strong><\/em><\/p>\n\n\n\n<p>Mit dem Kapitel Baustoff und Holzhandel habe ich abgeschlossen, insoweit m\u00f6chte ich die aktuelle Lage auch nicht kommentieren. Allerdings werde ich noch oft auf den Holz- und Baustoffhandel in der Saalestra\u00dfe angesprochen und freue mich \u00fcber die zufriedenen Reaktionen der ehemaligen Kunden.<br>Als Baustoffh\u00e4ndler kannte ich viele regional erfolgreiche Handwerker und Bauunternehmen. Wenn Sie so wollen, sind wir heute Kunde bei unseren fr\u00fcheren Kunden. Aber auch die Kontakte zur Baustoffindustrie sind geblieben, sodass wir sehr nah am Markt sind.<\/p>\n\n\n\n<p style=\"color:#265c15\" class=\"has-text-color\"><strong><em>Ihre heutige Dr. Sporkenbach Baukonzept GmbH hat sich an einem umk\u00e4mpften Markt als Bauunternehmen f\u00fcr Einfamilienh\u00e4user und Stadtvillen, Doppel-, Reihen- und Mehrfamilienh\u00e4user in massiver Bauweise durchgesetzt. Welche Erkenntnisse aus Ihrer vorherigen unternehmerischen T\u00e4tigkeit haben Sie in Ihr neues Unternehmen eingebracht? K\u00f6nnen Sie aus Ihrem Erfahrungsschatz bitte drei wichtige Botschaften f\u00fcr von der heutigen Krise betroffene Firmen formulieren?<\/em><\/strong><\/p>\n\n\n\n<p>Drei wichtige Botschaften k\u00f6nnten sein: <\/p>\n\n\n\n<ul class=\"wp-block-list\"><li>Nie \u00fcber den eigenen Verh\u00e4ltnissen leben und immer an die Verbesserung der Eigenkapitalsituation denken.<\/li><li>Immer versuchen, besser als die anderen zu sein.<\/li><li>Die Mitarbeiter als wichtiges Kapitalauch in diesen schwierigen Zeiten nichtzu vergessen.<\/li><\/ul>\n\n\n\n<p style=\"color:#267115\" class=\"has-text-color\"><strong><em>Auf Ihrer Internetseite verweisen Sie auf Ihr Bonit\u00e4tszertifikat \u201eCrefoZert\u201c, das CREDITREFORM pro Jahr an etwa 1000 mittelst\u00e4ndische Unternehmen aus Deutschland verleiht. Welche Bedeutung hat eine stabile Bonit\u00e4t in der Baubranche f\u00fcr Sie und Ihre Kunden gerade heute?<\/em><\/strong><\/p>\n\n\n\n<p>Leider gibt es nach wie vor sehr viele schwarze Schafe, auch in unserer Branche. Immer wieder fallen Bauherren auf diese herein und der Traum vom Haus kann dann zum Albtraum werden. In den Gespr\u00e4chen mit unseren Kunden sp\u00fcren wir, dass sie gr\u00f6\u00dften Wert auf eine gute Bonit\u00e4t der Baufirmen legen.<br>Diesem Trend sind wir gefolgt und haben uns zus\u00e4tzlich zertifizieren lassen. Unsere Bauherren k\u00f6nnen in dieser Beziehung sehr ruhig schlafen, da wir sehr gut aufgestellt sind. (keine Fremdfinanzierung, Eigenkapitalh\u00f6he 500.000,00 \u20ac)<\/p>\n\n\n\n<p style=\"color:#265c15\" class=\"has-text-color\"><strong><em>Wie w\u00e4chst und gedeiht Ihr neues Musterhaus in der Magdeburger K\u00f6nigstra\u00dfe? Gibt es f\u00fcr dieses Haus auch ein Bautagebuch wie f\u00fcr das Objekt der Familie W. aus Magdeburg, das Sie f\u00fcr die Besucher Ihrer Internetseiten dokumentiert haben? Wie lange m\u00fcssen Hausbauinteressenten noch auf den ersten Tag der offenen T\u00fcr im neuen Musterhaus warten? Wie hat sich die Siedlung an der K\u00f6nigstra\u00dfe entwickelt?<\/em><\/strong><\/p>\n\n\n\n<p>F\u00fcr unser neues Musterhaus gibt es kein offizielles Bautagebuch, da wir t\u00e4tig wurden, wenn gerade Kapazit\u00e4ten bei unseren Handwerkern frei waren. Im Vordergrund stand die termingerechte Fertigstellung der H\u00e4user unserer Bauherren. Das Musterhaus ist bis auf die Au\u00dfenanlagen und Kleinigkeiten im Inneren fertiggestellt. Wir hoffen, es zeitnah offiziell er\u00f6ffnen zu k\u00f6nnen. Unser Baugebiet in der K\u00f6nigstra\u00dfe ist mit 29 gebauten Hauseinheiten fertiggestellt. Insoweit k\u00f6nnen sich Besucher des Musterhauses auch von der Qualit\u00e4t der fertiggestellten H\u00e4user \u00fcberzeugen. Haupts\u00e4chlich finden Sie in diesem Baugebiet verschiedene Ausf\u00fchrungen der nachgefragten Stadtvillen. Aber auch andere Haustypen wie Bungalow, Bauhaus, Doppel- und Reihenh\u00e4user k\u00f6nnen Sie dort besichtigen.<\/p>\n\n\n\n<p style=\"color:#265c15\" class=\"has-text-color\"><strong><em>Bei der Vermarktung Ihrer H\u00e4user spielen Grundst\u00fccksangebote eine zentrale Rolle. K\u00f6nnen Sie unseren Lesern bitte die Bedeutung dieser Strategie kurz erl\u00e4utern?<\/em><\/strong><\/p>\n\n\n\n<p>Nach wie vor gibt es vor allem in Magdeburg zu wenige Grundst\u00fccke. Aus diesem Grund sind wir st\u00e4ndig auf der Suche nach geeigneten Grundst\u00fccken und planen und erschlie\u00dfen diese eigenst\u00e4ndig. Der Verkauf erfolgt dann als Bautr\u00e4ger mit dem gew\u00fcnschtem Haus. Dies hat f\u00fcr den Bauherrn den gro\u00dfen Vorteil, dass er sich um fast nichts k\u00fcmmern muss.<br>Bauantr\u00e4ge, Baugrunduntersuchungen, Hausanschl\u00fcsse, Vermessungen, Versicherung, Baustrom und Bauwasser sind Leistungen der Sporkenbach Baukonzept GmbH. In der Regel kann der Bauherr unmittelbar nach der Haus\u00fcbergabe einziehen. Au\u00dferdem sind insbesondere die Nebenkosten f\u00fcr den Bauherrn von vornherein gut kalkulierbar, sodass er vor unliebsamen \u00dcberraschungen gesch\u00fctzt ist.<\/p>\n\n\n\n<p style=\"color:#265c15\" class=\"has-text-color\"><strong><em>W\u00e4hrend heute viele Firmeninhaber und Gesch\u00e4ftsf\u00fchrer mit Unterst\u00fctzung der Wirtschaftsf\u00f6rderung und Seitenwind der Medien \u00fcber Fachkr\u00e4ftemangel und fehlende Nachfolger jammern, ist Ihr Sohn Christian l\u00e4ngst fest in Ihre Unternehmensentwicklung integriert. Welchen Wert hat f\u00fcr Sie die Tradition eines Familienunternehmens und welche Fragen soll ich Ihnen in zehn Jahren stellen?<\/em><\/strong><\/p>\n\n\n\n<p>Mein Sohn Christian ist fest im Unternehmen eingebunden und wird somit die Tradition des Familienunternehmens fortsetzen. Insoweit ist es beruhigend, wenn zeitnah die Nachfolge geregelt ist. Wahrscheinlich werden Sie mich in 10 Jahren fragen, wie lange ich noch arbeiten m\u00f6chte.<\/p>\n\n\n\n<figure class=\"wp-block-image size-large\"><img loading=\"lazy\" decoding=\"async\" width=\"1024\" height=\"713\" src=\"https:\/\/wirtschaftspost-online.de\/wp-content\/uploads\/2020\/04\/sporkenbach-baukonzept-2018-1-1024x713.jpg\" alt=\"\" class=\"wp-image-829\" srcset=\"https:\/\/wirtschaftspost-online.de\/wp-content\/uploads\/2020\/04\/sporkenbach-baukonzept-2018-1-1024x713.jpg 1024w, https:\/\/wirtschaftspost-online.de\/wp-content\/uploads\/2020\/04\/sporkenbach-baukonzept-2018-1-300x209.jpg 300w, https:\/\/wirtschaftspost-online.de\/wp-content\/uploads\/2020\/04\/sporkenbach-baukonzept-2018-1-768x535.jpg 768w, https:\/\/wirtschaftspost-online.de\/wp-content\/uploads\/2020\/04\/sporkenbach-baukonzept-2018-1-1536x1070.jpg 1536w, https:\/\/wirtschaftspost-online.de\/wp-content\/uploads\/2020\/04\/sporkenbach-baukonzept-2018-1-2048x1427.jpg 2048w, https:\/\/wirtschaftspost-online.de\/wp-content\/uploads\/2020\/04\/sporkenbach-baukonzept-2018-1-650x453.jpg 650w, https:\/\/wirtschaftspost-online.de\/wp-content\/uploads\/2020\/04\/sporkenbach-baukonzept-2018-1-1320x920.jpg 1320w\" sizes=\"auto, (max-width: 1024px) 100vw, 1024px\" \/><\/figure>\n","protected":false},"excerpt":{"rendered":"<p>Dr. Detlef Sporkenbach, Gesch\u00e4ftsf\u00fchrer der Dr. Sporkenbach Baukonzept GmbH: \u201eUnsere Kontakte zur Baustoffindustrie sind geblieben, sodass wir sehr nah am Markt sind.\u201c www.sporkenbach-baukonzept.de Sehr geehrter Herr Dr. Sporkenbach, als Sie vor etwa zehn Jahren im Rahmen meiner Interviewserie \u201eKrise, nein <a class=\"more-link\" href=\"https:\/\/wirtschaftspost-online.de\/?page_id=824\">[ . . . ]<\/a><\/p>\n","protected":false},"author":4,"featured_media":0,"parent":713,"menu_order":0,"comment_status":"closed","ping_status":"closed","template":"","meta":{"footnotes":""},"class_list":["post-824","page","type-page","status-publish","hentry"],"aioseo_notices":[],"_links":{"self":[{"href":"https:\/\/wirtschaftspost-online.de\/index.php?rest_route=\/wp\/v2\/pages\/824","targetHints":{"allow":["GET"]}}],"collection":[{"href":"https:\/\/wirtschaftspost-online.de\/index.php?rest_route=\/wp\/v2\/pages"}],"about":[{"href":"https:\/\/wirtschaftspost-online.de\/index.php?rest_route=\/wp\/v2\/types\/page"}],"author":[{"embeddable":true,"href":"https:\/\/wirtschaftspost-online.de\/index.php?rest_route=\/wp\/v2\/users\/4"}],"replies":[{"embeddable":true,"href":"https:\/\/wirtschaftspost-online.de\/index.php?rest_route=%2Fwp%2Fv2%2Fcomments&post=824"}],"version-history":[{"count":6,"href":"https:\/\/wirtschaftspost-online.de\/index.php?rest_route=\/wp\/v2\/pages\/824\/revisions"}],"predecessor-version":[{"id":961,"href":"https:\/\/wirtschaftspost-online.de\/index.php?rest_route=\/wp\/v2\/pages\/824\/revisions\/961"}],"up":[{"embeddable":true,"href":"https:\/\/wirtschaftspost-online.de\/index.php?rest_route=\/wp\/v2\/pages\/713"}],"wp:attachment":[{"href":"https:\/\/wirtschaftspost-online.de\/index.php?rest_route=%2Fwp%2Fv2%2Fmedia&parent=824"}],"curies":[{"name":"wp","href":"https:\/\/api.w.org\/{rel}","templated":true}]}}