{"id":866,"date":"2020-04-30T10:19:48","date_gmt":"2020-04-30T08:19:48","guid":{"rendered":"https:\/\/wirtschaftspost-online.de\/?page_id=866"},"modified":"2020-04-30T17:44:24","modified_gmt":"2020-04-30T15:44:24","slug":"interview-mit-energieberater-rene-herbert","status":"publish","type":"page","link":"https:\/\/wirtschaftspost-online.de\/?page_id=866","title":{"rendered":"Interview mit Energieberater Ren\u00e9 Herbert"},"content":{"rendered":"\n<div class=\"wp-block-image\"><figure class=\"alignright size-large is-resized\"><img loading=\"lazy\" decoding=\"async\" src=\"https:\/\/wirtschaftspost-online.de\/wp-content\/uploads\/2020\/04\/ReneHerbert-1-e1588259995459.jpg\" alt=\"\" class=\"wp-image-874\" width=\"171\" height=\"207\"\/><\/figure><\/div>\n\n\n\n<p style=\"color:#265c15\" class=\"has-text-color\"><em><strong>Auch das f\u00fcr den 22. April geplante<\/strong> <strong>Energieseminar der St\u00e4dtischen Werke Magdeburg (SWM) zum Thema \u201ePhotovoltaikanlagen f\u00fcr Gewerbeimmobilien&#8220; musste zum Schutz der Gesundheit der Teilnehmer und des Referenten abgesagt werden. Als Ersatz f\u00fcr das entfallene Seminar der SWM sprachen wir mit dem Referenten, Herrn Ren\u00e9 Herbert.<\/strong><\/em><\/p>\n\n\n\n<p style=\"background-color:#265c15\" class=\"has-text-color has-background has-very-light-gray-color\">Energieberater Ren\u00e9 Herbert, Referent und Partner der St\u00e4dtischen Werke Magdeburg: <strong>&#8222;Die Effizienz einer Photovoltaikanlage h\u00e4ngt von vielen Faktoren ab und muss individuell betrachtet und berechnet werden.&#8220;<\/strong><\/p>\n\n\n\n<p style=\"color:#265c15\" class=\"has-text-color\"><strong><em>Herr Herbert, bitte stellen Sie in Kurzform Ihr Unternehmen und Ihre Person als Energieberater vor.<\/em><\/strong><\/p>\n\n\n\n<p>Ich bin seit 15 Jahren Inhaber \u201eDer Energieagentur\u201c, einem Ingenieurb\u00fcro f\u00fcr thermische Bauphysik, dies beinhaltet die klassische Energieberatung bei Privat- und Firmenkunden, aber auch die Entwicklung energetischer Konzepte und Nachweise bei Sanierungen und Neubauten sowie F\u00f6rdermittelrecherchen.<\/p>\n\n\n\n<p style=\"color:#265c15\" class=\"has-text-color\"><strong><em>Wie kam der Kontakt zwischen Ihnen und den St\u00e4dtischen Werken Magdeburg zustande? <\/em><\/strong><\/p>\n\n\n\n<p>Ich unterst\u00fctze seit \u00fcber 10 Jahren die SWM als fachlicher Berater, f\u00fchre unter anderem Energiesparseminare und Beratungen im Kundencenter f\u00fcr Privatkunden durch und berate bei Veranstaltungen wie zum Beispiel der \u201eGr\u00fcnen Messe\u201c zum Thema Energiesparen.<\/p>\n\n\n\n<p style=\"color:#265c15\" class=\"has-text-color\"><strong><em>Mit welchen Investitionskosten m\u00fcssen Interessenten an einer Firmen- Photovoltaikanlage rechnen und welche Chancen auf ein erfolgreiches wirtschaftliches Betreiben k\u00f6nnen Sie Ihren Kunden in Aussicht stellen, damit sich eine Investition in eine Photovoltaikanlage m\u00f6glichst bald rechnet?<\/em><\/strong><\/p>\n\n\n\n<p>Die Effizienz einer Photovoltaikanlage h\u00e4ngt von vielen Faktoren ab und muss individuell betrachtet und berechnet werden. Die Amortisationszeit einer Anlage sollte aber maximal bei acht bis zehn Jahren liegen. Interessenten sollten mich pers\u00f6nlich kontaktieren, wenn sie bereits Vorstellungen zu ihrem Projekt haben oder Angebote von Herstellern vorliegen.<\/p>\n\n\n\n<p style=\"color:#265c15\" class=\"has-text-color\"><strong><em>Gibt es auch M\u00f6glichkeiten zur Inanspruchnahme von F\u00f6rdermittel f\u00fcr Unternehmer, die sich f\u00fcr Photovoltaikd\u00e4cher interessieren?<\/em><\/strong><\/p>\n\n\n\n<p>Nat\u00fcrlich, aber die F\u00f6rderlandschaft und die Chancen, die Investition mit fremden Geld zu unterst\u00fctzen, sind sehr vielseitig. Es gibt verschiedene M\u00f6glichkeiten zur Finanzierung einer Photovoltaikanlage. Auch hier biete ich eine ausf\u00fchrliche Beratung an, nachdem die technischen Eckpunkte eines konkreten Projekts gekl\u00e4rt sind.<\/p>\n\n\n\n<p style=\"color:#265c15\" class=\"has-text-color\"><strong><em>Auf welche technischen Parameter sollten Firmen achten, wie gro\u00df kann oder sollte zum Beispiel die zur Verf\u00fcgung stehende Fl\u00e4che auf dem Firmendach sein?<\/em><\/strong><\/p>\n\n\n\n<p>Gewerbeimmobilien verf\u00fcgen meist \u00fcber ausreichende Dachfl\u00e4chen, das ist eine gute Basis f\u00fcr die kommerzielle Nutzung der Sonnenenergie. Aber hier gilt ebenfalls wieder meine Information, dass jede Anlage individuell betrachtet werden muss. Eine pauschale Aussage ist nicht m\u00f6glich.<\/p>\n\n\n\n<p style=\"color:#265c15\" class=\"has-text-color\"><strong><em>Wie lang ist die voraussichtliche Lebensdauer einer Photovoltaikanlage und mit welchen Wartungsarbeiten ist u. U. zu rechnen?<\/em><\/strong><\/p>\n\n\n\n<p>Bei der Lebensdauer von amorphen Solarzellen kann man von etwa 20 bis 25 Jahren ausgehen. Die Lebensdauer bei kristallinen Solarzellen kann bei bis zu 30 Jahren liegen.<br>Die Wartungsarbeiten bei Photovoltaikanlagen sind \u00fcberschaubar und beschr\u00e4nken sich zum gr\u00f6\u00dften Teil auf die der Wittterung ausgesetzten Bestandteile der Anlage, wie das Montagesystem, die Oberfl\u00e4chen der Module sowie Anschl\u00fcsse und Kabelverbindungen.<\/p>\n\n\n\n<p style=\"color:#265c15\" class=\"has-text-color\"><em><strong>K\u00f6nnen Sie auf Referenzen f\u00fcr Firmend\u00e4cher mit Photovoltaikanlagen in Sachsen-Anhalt verweisen?<\/strong><\/em><\/p>\n\n\n\n<p>Referenzen im eigentlichen Sinne habe ich nicht, da ich selber keine Anlagen installiere, sondern nur beratend t\u00e4tig bin.<br>Im Rahmen dieser Beratung informiere ich Interessnten gern \u00fcber m\u00f6gliche Anbieter, die ihrerseits auf Erfahrungen verweisen k\u00f6nnen.<br>Auch die Interessenvertretung f\u00fcr Energieberater in Sachsen-Anhalt (GIH Sachsen-Anhalt e.V., <a href=\"http:\/\/www.gih.de\/sachsen-anhalt\" target=\"_blank\" rel=\"noreferrer noopener\">www.gih.de\/sachsen-anhalt<\/a>), in der ich als Vortand aktiv bin, ist Ansprechpartner vor Ort, wenn es um Energieeffizienzma\u00dfnahmen und Energieberatung geht. Die Kunden der GIH-Experten k\u00f6nnen jederzeit darauf vertrauen, gewerke\u00fcbergreifend hersteller- und produktneutral beraten zu werden. Die Experten entwickeln ma\u00dfgeschneiderte L\u00f6sungen und betreuen auf Wunsch auch deren Umsetzung, etwa durch Baubegleitung und qualit\u00e4tssichernde Ma\u00dfnahmen wie W\u00e4rmebildaufnahmen und Luftdichtheitstests.<\/p>\n\n\n<p><img loading=\"lazy\" decoding=\"async\" class=\"wp-image-868 alignright\" src=\"https:\/\/wirtschaftspost-online.de\/wp-content\/uploads\/2020\/04\/herbert-logo-300x99.jpg\" alt=\"\" width=\"230\" height=\"76\" srcset=\"https:\/\/wirtschaftspost-online.de\/wp-content\/uploads\/2020\/04\/herbert-logo-300x99.jpg 300w, https:\/\/wirtschaftspost-online.de\/wp-content\/uploads\/2020\/04\/herbert-logo-768x255.jpg 768w, https:\/\/wirtschaftspost-online.de\/wp-content\/uploads\/2020\/04\/herbert-logo-650x216.jpg 650w, https:\/\/wirtschaftspost-online.de\/wp-content\/uploads\/2020\/04\/herbert-logo.jpg 787w\" sizes=\"auto, (max-width: 230px) 100vw, 230px\" \/><strong>Kontakt: <\/strong><br data-rich-text-line-break=\"true\"><strong>Dipl.-Ing. (FH) Ren\u00e9 Herbert<br data-rich-text-line-break=\"true\"><\/strong>Kornstr. 4 \u2022 39387 Oschersleben<br data-rich-text-line-break=\"true\">Tel. 03949\/510799 \u2022 Mobil 0171\/6141049<br data-rich-text-line-break=\"true\">E-Mail: die-energieagentur@freenet.de<\/p>\n\n\n<hr class=\"wp-block-separator\"\/>\n\n\n<p><strong data-rich-text-format-boundary=\"true\"><img loading=\"lazy\" decoding=\"async\" class=\" wp-image-918 alignright\" src=\"https:\/\/wirtschaftspost-online.de\/wp-content\/uploads\/2020\/04\/swm-300x161.png\" alt=\"\" width=\"207\" height=\"111\" srcset=\"https:\/\/wirtschaftspost-online.de\/wp-content\/uploads\/2020\/04\/swm-300x161.png 300w, https:\/\/wirtschaftspost-online.de\/wp-content\/uploads\/2020\/04\/swm.png 626w\" sizes=\"auto, (max-width: 207px) 100vw, 207px\" \/>Ihr Ansprechpartner bei den SWM <\/strong><strong>f\u00fcr interessierte Teilnehmer an den Energieseminaren:<\/strong><\/p>\n<p>Thomon von Diemar<br data-rich-text-line-break=\"true\">Telefon: 0391 587 2672<br data-rich-text-line-break=\"true\">E-Mail: thomon.diemar@sw-magdeburg.de<br data-rich-text-line-break=\"true\"><a href=\"http:\/\/www.sw-magdeburg.de\" target=\"_blank\" rel=\"noreferrer noopener\"><strong>www.sw-magdeburg.de<\/strong><\/a><\/p>","protected":false},"excerpt":{"rendered":"<p>Auch das f\u00fcr den 22. April geplante Energieseminar der St\u00e4dtischen Werke Magdeburg (SWM) zum Thema \u201ePhotovoltaikanlagen f\u00fcr Gewerbeimmobilien&#8220; musste zum Schutz der Gesundheit der Teilnehmer und des Referenten abgesagt werden. Als Ersatz f\u00fcr das entfallene Seminar der SWM sprachen wir <a class=\"more-link\" href=\"https:\/\/wirtschaftspost-online.de\/?page_id=866\">[ . . . ]<\/a><\/p>\n","protected":false},"author":4,"featured_media":0,"parent":713,"menu_order":0,"comment_status":"closed","ping_status":"closed","template":"","meta":{"footnotes":""},"class_list":["post-866","page","type-page","status-publish","hentry"],"aioseo_notices":[],"_links":{"self":[{"href":"https:\/\/wirtschaftspost-online.de\/index.php?rest_route=\/wp\/v2\/pages\/866","targetHints":{"allow":["GET"]}}],"collection":[{"href":"https:\/\/wirtschaftspost-online.de\/index.php?rest_route=\/wp\/v2\/pages"}],"about":[{"href":"https:\/\/wirtschaftspost-online.de\/index.php?rest_route=\/wp\/v2\/types\/page"}],"author":[{"embeddable":true,"href":"https:\/\/wirtschaftspost-online.de\/index.php?rest_route=\/wp\/v2\/users\/4"}],"replies":[{"embeddable":true,"href":"https:\/\/wirtschaftspost-online.de\/index.php?rest_route=%2Fwp%2Fv2%2Fcomments&post=866"}],"version-history":[{"count":9,"href":"https:\/\/wirtschaftspost-online.de\/index.php?rest_route=\/wp\/v2\/pages\/866\/revisions"}],"predecessor-version":[{"id":3144,"href":"https:\/\/wirtschaftspost-online.de\/index.php?rest_route=\/wp\/v2\/pages\/866\/revisions\/3144"}],"up":[{"embeddable":true,"href":"https:\/\/wirtschaftspost-online.de\/index.php?rest_route=\/wp\/v2\/pages\/713"}],"wp:attachment":[{"href":"https:\/\/wirtschaftspost-online.de\/index.php?rest_route=%2Fwp%2Fv2%2Fmedia&parent=866"}],"curies":[{"name":"wp","href":"https:\/\/api.w.org\/{rel}","templated":true}]}}